{"id":6165,"date":"2024-07-28T08:01:39","date_gmt":"2024-07-28T08:01:39","guid":{"rendered":"https:\/\/www.tcgruenweissreckenfeld.de\/?page_id=6165"},"modified":"2024-08-04T08:05:08","modified_gmt":"2024-08-04T08:05:08","slug":"vereinskodex","status":"publish","type":"page","link":"https:\/\/www.tcgruenweissreckenfeld.de\/en\/vereinskodex","title":{"rendered":"Vereinscodex"},"content":{"rendered":"<div class=\"wpb-content-wrapper\"><div class=\"vc_row wpb_row vc_row-fluid inner_container desktop-visible cneo-head vc_custom_1722060540867 vc_row-has-fill vc_rtl-columns-reverse vc_row-o-content-middle vc_row-flex\"><div class=\"wpb_column vc_column_container vc_col-sm-3\/5\"><div class=\"vc_column-inner vc_custom_1581831845353\"><div class=\"wpb_wrapper\">\r\n\t<div class=\"wpb_text_column wpb_content_element\" >\r\n\t\t<div class=\"wpb_wrapper\">\r\n\t\t\t\r\n\t\t<\/div>\r\n\t<\/div>\r\n<\/div><\/div><\/div><\/div><div class=\"vc_row wpb_row vc_row-fluid mobile-invisible cneo-head\"><div class=\"wpb_column vc_column_container vc_col-sm-12\"><div class=\"vc_column-inner\"><div class=\"wpb_wrapper\">\r\n\t<div  class=\"wpb_single_image wpb_content_element vc_align_left\">\r\n\t\t\r\n\t\t<figure class=\"wpb_wrapper vc_figure\">\r\n\t\t\t<div class=\"vc_single_image-wrapper   vc_box_border_grey\"><img loading=\"lazy\" decoding=\"async\" width=\"800\" height=\"600\" src=\"https:\/\/www.tcgruenweissreckenfeld.de\/wp-content\/uploads\/startseite_800_600.jpg\" class=\"vc_single_image-img attachment-full\" alt=\"TC Gr\u00fcn-Weiss Reckenfeld: Tennis and indoor tennis centre in the Greven, M\u00fcnster area with teams for women, men, youth, juniors and children\" title=\"\" srcset=\"https:\/\/www.tcgruenweissreckenfeld.de\/wp-content\/uploads\/startseite_800_600.jpg 800w, https:\/\/www.tcgruenweissreckenfeld.de\/wp-content\/uploads\/startseite_800_600-300x225.jpg 300w, https:\/\/www.tcgruenweissreckenfeld.de\/wp-content\/uploads\/startseite_800_600-768x576.jpg 768w, https:\/\/www.tcgruenweissreckenfeld.de\/wp-content\/uploads\/startseite_800_600-16x12.jpg 16w, https:\/\/www.tcgruenweissreckenfeld.de\/wp-content\/uploads\/startseite_800_600-100x75.jpg 100w\" sizes=\"(max-width: 800px) 100vw, 800px\" \/><\/div>\r\n\t\t<\/figure>\r\n\t<\/div>\r\n<\/div><\/div><\/div><\/div><div class=\"vc_row wpb_row vc_row-fluid inner_container_fixed vc_custom_1584032465510 vc_row-has-fill\"><div class=\"wpb_column vc_column_container vc_col-sm-12\"><div class=\"vc_column-inner\"><div class=\"wpb_wrapper\">\r\n\t<div class=\"wpb_text_column wpb_content_element\" >\r\n\t\t<div class=\"wpb_wrapper\">\r\n\t\t\t<h1 style=\"text-align: center;\">VEREINSKODEX<\/h1>\n<p>Liebe Clubmitglieder und G\u00e4ste,<\/p>\n<p>Wir freuen uns, dass ihr unsere Anlage nutzt. Als gemeinn\u00fctziger Tennisverein f\u00fchlen wir uns dem Breitensport verpflichtet und wollen das Vereinsleben nach folgenden Grunds\u00e4tzen genie\u00dfen:<\/p>\n<p><strong>Wir pflegen einen freundschaftlichen und fairen Umgang untereinander. Dieser ist gepr\u00e4gt von Toleranz und Respekt.<\/strong><\/p>\n<ul>\n<li>Die Pl\u00e4tze sind bei Trockenheit vor dem Spiel zu w\u00e4ssern, die Uhren sind vor Spielbeginn zu stellen. Nach dem Spiel sind die Pl\u00e4tze vollst\u00e4ndig abzuziehen. Die Nutzung der Pl\u00e4tze darf nur mit geeigneten Sportschuhen erfolgen.<\/li>\n<li>Gastspieler sind herzlich willkommen. Es wird ihnen Spielzeit gew\u00e4hrt, sofern ein Vereinsmitglied des TC Gr\u00fcn-Wei\u00df Reckenfeld am Spiel teilnimmt.<\/li>\n<li>Das Clubhaus darf nicht mit Tennisschuhen betreten werden. Tennisschuhe bitte nicht auf der Terrasse ausklopfen.<\/li>\n<li>Der Thekenbereich ist nach der Nutzung sauber zu verlassen. Geschirr muss gesp\u00fclt und in die entsprechenden Schr\u00e4nke einger\u00e4umt werden.<\/li>\n<li>Das Mitglied, dass die Anlage als Letzter verl\u00e4sst, gew\u00e4hrleistet, dass die Beleuchtung im Clubheim und in der Halle ausgeschaltet ist und die Markise eingefahren ist.\u00a0Das Clubhaus und die Zugangst\u00fcr m\u00fcssen abgeschlossen werden, alle Fenster sind zu schlie\u00dfen.<\/li>\n<li>In der Heizsaison muss die Eingangst\u00fcr zum Clubheim geschlossen sein.<\/li>\n<li>Die Halle darf nur mit sauberen Sportschuhen betreten werden. Der Platz ist nach der Nutzung abzuziehen und das Licht auszuschalten.<\/li>\n<\/ul>\n<p>Bei Verst\u00f6\u00dfen beh\u00e4lt sich der Vorstand Sanktionen vor.<\/p>\n<p>Sportliche Gr\u00fc\u00dfe<\/p>\n<p>Der Vorstand<\/p>\n\r\n\t\t<\/div>\r\n\t<\/div>\r\n<\/div><\/div><\/div><\/div>\n<\/div>","protected":false},"excerpt":{"rendered":"VEREINSKODEX Liebe Clubmitglieder und G\u00e4ste, Wir freuen uns, dass ihr unsere Anlage nutzt. Als gemeinn\u00fctziger Tennisverein f\u00fchlen wir uns dem Breitensport verpflichtet und wollen das Vereinsleben nach folgenden Grunds\u00e4tzen genie\u00dfen: Wir pflegen einen freundschaftlichen und fairen Umgang untereinander. Dieser ist gepr\u00e4gt von Toleranz und Respekt. Die Pl\u00e4tze sind bei Trockenheit vor dem Spiel zu w\u00e4ssern, die Uhren sind vor Spielbeginn ... <a href=\"https:\/\/www.tcgruenweissreckenfeld.de\/en\/vereinskodex\" class=\"more-link\">Read More<\/a>","protected":false},"author":1,"featured_media":6001,"parent":0,"menu_order":0,"comment_status":"closed","ping_status":"closed","template":"template-blank-4.php","meta":{"footnotes":""},"class_list":["post-6165","page","type-page","status-publish","has-post-thumbnail","hentry"],"yoast_head":"<!-- This site is optimized with the Yoast SEO plugin v23.1 - https:\/\/yoast.com\/wordpress\/plugins\/seo\/ -->\n<title>Vereinskodex - TC Gr\u00fcn-Weiss Reckenfeld<\/title>\n<meta name=\"description\" content=\"Vereinskodex: TC Gr\u00fcn-Weiss Reckenfeld: Tennis im Raum Greven, M\u00fcnster mit Mannschaften f\u00fcr Damen, Herren, Jugend, Junioren und Kinder\" \/>\n<meta name=\"robots\" content=\"index, follow, max-snippet:-1, max-image-preview:large, max-video-preview:-1\" \/>\n<link rel=\"canonical\" href=\"https:\/\/www.tcgruenweissreckenfeld.de\/en\/vereinskodex\/\" \/>\n<meta property=\"og:locale\" content=\"en_GB\" \/>\n<meta property=\"og:type\" content=\"article\" \/>\n<meta property=\"og:title\" content=\"Vereinskodex - TC Gr\u00fcn-Weiss Reckenfeld\" \/>\n<meta property=\"og:description\" content=\"Vereinskodex: TC Gr\u00fcn-Weiss Reckenfeld: Tennis im Raum Greven, M\u00fcnster mit Mannschaften f\u00fcr Damen, Herren, Jugend, Junioren und Kinder\" \/>\n<meta property=\"og:url\" content=\"https:\/\/www.tcgruenweissreckenfeld.de\/en\/vereinskodex\/\" \/>\n<meta property=\"og:site_name\" content=\"www.tcgruenweissreckenfeld.de\" \/>\n<meta property=\"article:modified_time\" content=\"2024-08-04T08:05:08+00:00\" \/>\n<meta property=\"og:image\" content=\"https:\/\/www.tcgruenweissreckenfeld.de\/wp-content\/uploads\/AdobeStock_675485598_Preview_800_600.jpg\" \/>\n\t<meta property=\"og:image:width\" content=\"800\" \/>\n\t<meta property=\"og:image:height\" content=\"600\" \/>\n\t<meta property=\"og:image:type\" content=\"image\/jpeg\" \/>\n<meta name=\"twitter:card\" content=\"summary_large_image\" \/>\n<meta name=\"twitter:label1\" content=\"Estimated reading time\" \/>\n\t<meta name=\"twitter:data1\" content=\"2 minutes\" \/>\n<script type=\"application\/ld+json\" class=\"yoast-schema-graph\">{\"@context\":\"https:\/\/schema.org\",\"@graph\":[{\"@type\":\"WebPage\",\"@id\":\"https:\/\/www.tcgruenweissreckenfeld.de\/vereinskodex\",\"url\":\"https:\/\/www.tcgruenweissreckenfeld.de\/vereinskodex\",\"name\":\"Vereinskodex - TC Gr\u00fcn-Weiss Reckenfeld\",\"isPartOf\":{\"@id\":\"https:\/\/www.tcgruenweissreckenfeld.de\/#website\"},\"primaryImageOfPage\":{\"@id\":\"https:\/\/www.tcgruenweissreckenfeld.de\/vereinskodex#primaryimage\"},\"image\":{\"@id\":\"https:\/\/www.tcgruenweissreckenfeld.de\/vereinskodex#primaryimage\"},\"thumbnailUrl\":\"https:\/\/www.tcgruenweissreckenfeld.de\/wp-content\/uploads\/AdobeStock_675485598_Preview_800_600.jpg\",\"datePublished\":\"2024-07-28T08:01:39+00:00\",\"dateModified\":\"2024-08-04T08:05:08+00:00\",\"description\":\"Vereinskodex: TC Gr\u00fcn-Weiss Reckenfeld: Tennis im Raum Greven, M\u00fcnster mit Mannschaften f\u00fcr Damen, Herren, Jugend, Junioren und Kinder\",\"inLanguage\":\"en-GB\",\"potentialAction\":[{\"@type\":\"ReadAction\",\"target\":[\"https:\/\/www.tcgruenweissreckenfeld.de\/vereinskodex\"]}]},{\"@type\":\"ImageObject\",\"inLanguage\":\"en-GB\",\"@id\":\"https:\/\/www.tcgruenweissreckenfeld.de\/vereinskodex#primaryimage\",\"url\":\"https:\/\/www.tcgruenweissreckenfeld.de\/wp-content\/uploads\/AdobeStock_675485598_Preview_800_600.jpg\",\"contentUrl\":\"https:\/\/www.tcgruenweissreckenfeld.de\/wp-content\/uploads\/AdobeStock_675485598_Preview_800_600.jpg\",\"width\":800,\"height\":600},{\"@type\":\"WebSite\",\"@id\":\"https:\/\/www.tcgruenweissreckenfeld.de\/#website\",\"url\":\"https:\/\/www.tcgruenweissreckenfeld.de\/\",\"name\":\"www.tcgruenweissreckenfeld.de\",\"description\":\"www.tcgruenweissreckenfeld.de\",\"potentialAction\":[{\"@type\":\"SearchAction\",\"target\":{\"@type\":\"EntryPoint\",\"urlTemplate\":\"https:\/\/www.tcgruenweissreckenfeld.de\/?s={search_term_string}\"},\"query-input\":\"required name=search_term_string\"}],\"inLanguage\":\"en-GB\"}]}<\/script>\n<!-- \/ Yoast SEO plugin. -->","yoast_head_json":{"title":"Vereinskodex - TC Gr\u00fcn-Weiss Reckenfeld","description":"Vereinskodex: TC Gr\u00fcn-Weiss Reckenfeld: Tennis im Raum Greven, M\u00fcnster mit Mannschaften f\u00fcr Damen, Herren, Jugend, Junioren und Kinder","robots":{"index":"index","follow":"follow","max-snippet":"max-snippet:-1","max-image-preview":"max-image-preview:large","max-video-preview":"max-video-preview:-1"},"canonical":"https:\/\/www.tcgruenweissreckenfeld.de\/en\/vereinskodex\/","og_locale":"en_GB","og_type":"article","og_title":"Vereinskodex - TC Gr\u00fcn-Weiss Reckenfeld","og_description":"Vereinskodex: TC Gr\u00fcn-Weiss Reckenfeld: Tennis im Raum Greven, M\u00fcnster mit Mannschaften f\u00fcr Damen, Herren, Jugend, Junioren und Kinder","og_url":"https:\/\/www.tcgruenweissreckenfeld.de\/en\/vereinskodex\/","og_site_name":"www.tcgruenweissreckenfeld.de","article_modified_time":"2024-08-04T08:05:08+00:00","og_image":[{"width":800,"height":600,"url":"https:\/\/www.tcgruenweissreckenfeld.de\/wp-content\/uploads\/AdobeStock_675485598_Preview_800_600.jpg","type":"image\/jpeg"}],"twitter_card":"summary_large_image","twitter_misc":{"Estimated reading time":"2 minutes"},"schema":{"@context":"https:\/\/schema.org","@graph":[{"@type":"WebPage","@id":"https:\/\/www.tcgruenweissreckenfeld.de\/vereinskodex","url":"https:\/\/www.tcgruenweissreckenfeld.de\/vereinskodex","name":"Vereinskodex - TC Gr\u00fcn-Weiss Reckenfeld","isPartOf":{"@id":"https:\/\/www.tcgruenweissreckenfeld.de\/#website"},"primaryImageOfPage":{"@id":"https:\/\/www.tcgruenweissreckenfeld.de\/vereinskodex#primaryimage"},"image":{"@id":"https:\/\/www.tcgruenweissreckenfeld.de\/vereinskodex#primaryimage"},"thumbnailUrl":"https:\/\/www.tcgruenweissreckenfeld.de\/wp-content\/uploads\/AdobeStock_675485598_Preview_800_600.jpg","datePublished":"2024-07-28T08:01:39+00:00","dateModified":"2024-08-04T08:05:08+00:00","description":"Vereinskodex: TC Gr\u00fcn-Weiss Reckenfeld: Tennis im Raum Greven, M\u00fcnster mit Mannschaften f\u00fcr Damen, Herren, Jugend, Junioren und Kinder","inLanguage":"en-GB","potentialAction":[{"@type":"ReadAction","target":["https:\/\/www.tcgruenweissreckenfeld.de\/vereinskodex"]}]},{"@type":"ImageObject","inLanguage":"en-GB","@id":"https:\/\/www.tcgruenweissreckenfeld.de\/vereinskodex#primaryimage","url":"https:\/\/www.tcgruenweissreckenfeld.de\/wp-content\/uploads\/AdobeStock_675485598_Preview_800_600.jpg","contentUrl":"https:\/\/www.tcgruenweissreckenfeld.de\/wp-content\/uploads\/AdobeStock_675485598_Preview_800_600.jpg","width":800,"height":600},{"@type":"WebSite","@id":"https:\/\/www.tcgruenweissreckenfeld.de\/#website","url":"https:\/\/www.tcgruenweissreckenfeld.de\/","name":"www.tcgruenweissreckenfeld.de","description":"www.tcgruenweissreckenfeld.de","potentialAction":[{"@type":"SearchAction","target":{"@type":"EntryPoint","urlTemplate":"https:\/\/www.tcgruenweissreckenfeld.de\/?s={search_term_string}"},"query-input":"required name=search_term_string"}],"inLanguage":"en-GB"}]}},"_links":{"self":[{"href":"https:\/\/www.tcgruenweissreckenfeld.de\/en\/wp-json\/wp\/v2\/pages\/6165"}],"collection":[{"href":"https:\/\/www.tcgruenweissreckenfeld.de\/en\/wp-json\/wp\/v2\/pages"}],"about":[{"href":"https:\/\/www.tcgruenweissreckenfeld.de\/en\/wp-json\/wp\/v2\/types\/page"}],"author":[{"embeddable":true,"href":"https:\/\/www.tcgruenweissreckenfeld.de\/en\/wp-json\/wp\/v2\/users\/1"}],"replies":[{"embeddable":true,"href":"https:\/\/www.tcgruenweissreckenfeld.de\/en\/wp-json\/wp\/v2\/comments?post=6165"}],"version-history":[{"count":3,"href":"https:\/\/www.tcgruenweissreckenfeld.de\/en\/wp-json\/wp\/v2\/pages\/6165\/revisions"}],"predecessor-version":[{"id":6447,"href":"https:\/\/www.tcgruenweissreckenfeld.de\/en\/wp-json\/wp\/v2\/pages\/6165\/revisions\/6447"}],"wp:featuredmedia":[{"embeddable":true,"href":"https:\/\/www.tcgruenweissreckenfeld.de\/en\/wp-json\/wp\/v2\/media\/6001"}],"wp:attachment":[{"href":"https:\/\/www.tcgruenweissreckenfeld.de\/en\/wp-json\/wp\/v2\/media?parent=6165"}],"curies":[{"name":"wp","href":"https:\/\/api.w.org\/{rel}","templated":true}]}}