{"id":2947,"date":"2020-03-12T16:55:12","date_gmt":"2020-03-12T16:55:12","guid":{"rendered":"https:\/\/www.tcgruenweissreckenfeld.de\/?page_id=2947"},"modified":"2026-03-06T14:45:49","modified_gmt":"2026-03-06T14:45:49","slug":"impressum","status":"publish","type":"page","link":"https:\/\/www.tcgruenweissreckenfeld.de\/es\/impressum","title":{"rendered":"Pie de imprenta"},"content":{"rendered":"<div class=\"wpb-content-wrapper\"><div class=\"vc_row wpb_row vc_row-fluid inner_container desktop-visible cneo-head vc_custom_1722060540867 vc_row-has-fill vc_rtl-columns-reverse vc_row-o-content-middle vc_row-flex\"><div class=\"wpb_column vc_column_container vc_col-sm-3\/5\"><div class=\"vc_column-inner vc_custom_1581831845353\"><div class=\"wpb_wrapper\">\r\n\t<div class=\"wpb_text_column wpb_content_element\" >\r\n\t\t<div class=\"wpb_wrapper\">\r\n\t\t\t\r\n\t\t<\/div>\r\n\t<\/div>\r\n<\/div><\/div><\/div><\/div><div class=\"vc_row wpb_row vc_row-fluid mobile-invisible cneo-head\"><div class=\"wpb_column vc_column_container vc_col-sm-12\"><div class=\"vc_column-inner\"><div class=\"wpb_wrapper\">\r\n\t<div  class=\"wpb_single_image wpb_content_element vc_align_left\">\r\n\t\t\r\n\t\t<figure class=\"wpb_wrapper vc_figure\">\r\n\t\t\t<div class=\"vc_single_image-wrapper   vc_box_border_grey\"><img loading=\"lazy\" decoding=\"async\" width=\"800\" height=\"600\" src=\"https:\/\/www.tcgruenweissreckenfeld.de\/wp-content\/uploads\/startseite_800_600.jpg\" class=\"vc_single_image-img attachment-full\" alt=\"TC Gr\u00fcn-Weiss Reckenfeld: Centro de tenis y tenis cubierto en la zona de Greven, M\u00fcnster, con equipos femeninos, masculinos, juveniles, juniors e infantiles.\" title=\"\" srcset=\"https:\/\/www.tcgruenweissreckenfeld.de\/wp-content\/uploads\/startseite_800_600.jpg 800w, https:\/\/www.tcgruenweissreckenfeld.de\/wp-content\/uploads\/startseite_800_600-300x225.jpg 300w, https:\/\/www.tcgruenweissreckenfeld.de\/wp-content\/uploads\/startseite_800_600-768x576.jpg 768w, https:\/\/www.tcgruenweissreckenfeld.de\/wp-content\/uploads\/startseite_800_600-16x12.jpg 16w, https:\/\/www.tcgruenweissreckenfeld.de\/wp-content\/uploads\/startseite_800_600-100x75.jpg 100w\" sizes=\"(max-width: 800px) 100vw, 800px\" \/><\/div>\r\n\t\t<\/figure>\r\n\t<\/div>\r\n<\/div><\/div><\/div><\/div><div class=\"vc_row wpb_row vc_row-fluid inner_container_fixed vc_custom_1584032465510 vc_row-has-fill\"><div class=\"wpb_column vc_column_container vc_col-sm-12\"><div class=\"vc_column-inner\"><div class=\"wpb_wrapper\">\r\n\t<div class=\"wpb_text_column wpb_content_element\" >\r\n\t\t<div class=\"wpb_wrapper\">\r\n\t\t\t<h1 style=\"text-align: center;\">IMPRESSUM<\/h1>\n<p>TC GR\u00dcN-WEISS RECKENFELD e.V.<br \/>\nZur Freilichtb\u00fchne 35<br \/>\n48268 Greven<\/p>\n<p><strong>Angaben gem\u00e4\u00df \u00a7 5 TMG<\/strong><\/p>\n<p>Inhaltlich verantwortlich:<br \/>\nEugen T\u00f6ws<br \/>\nZur Freilichtb\u00fchne 35<br \/>\n48268 Greven<\/p>\n<p><strong>Kontakt:<\/strong><br \/>\n01732771937<br \/>\nE-Mail: info@tcgruenweissreckenfeld.de<\/p>\n<p><strong>Haftungsausschluss (Disclaimer)<\/strong><\/p>\n<p><strong>Bildnachweis<\/strong><\/p>\n<p>Stock Images: #114447864, #591917119, #105322221, #87981439<\/p>\n<p><strong>Haftung f\u00fcr Inhalte<\/strong><\/p>\n<p>Als Diensteanbieter sind wir gem\u00e4\u00df \u00a7 7 Abs.1 TMG f\u00fcr eigene Inhalte auf diesen Seiten nach den allgemeinen Gesetzen verantwortlich. Nach \u00a7\u00a7 8 bis 10 TMG sind wir als Diensteanbieter jedoch nicht verpflichtet, \u00fcbermittelte oder gespeicherte fremde Informationen zu \u00fcberwachen oder nach Umst\u00e4nden zu forschen, die auf eine rechtswidrige T\u00e4tigkeit hinweisen. Verpflichtungen zur Entfernung oder Sperrung der Nutzung von Informationen nach den allgemeinen Gesetzen bleiben hiervon unber\u00fchrt. Eine diesbez\u00fcgliche Haftung ist jedoch erst ab dem Zeitpunkt der Kenntnis einer konkreten Rechtsverletzung m\u00f6glich. Bei Bekanntwerden von entsprechenden Rechtsverletzungen werden wir diese Inhalte umgehend entfernen.<\/p>\n<p><strong>Haftung f\u00fcr Links<\/strong><\/p>\n<p>Unser Angebot enth\u00e4lt Links zu externen Webseiten Dritter, auf deren Inhalte wir keinen Einfluss haben. Deshalb k\u00f6nnen wir f\u00fcr diese fremden Inhalte auch keine Gew\u00e4hr \u00fcbernehmen. F\u00fcr die Inhalte der verlinkten Seiten ist stets der jeweilige Anbieter oder Betreiber der Seiten verantwortlich. Die verlinkten Seiten wurden zum Zeitpunkt der Verlinkung auf m\u00f6gliche Rechtsverst\u00f6\u00dfe \u00fcberpr\u00fcft. Rechtswidrige Inhalte waren zum Zeitpunkt der Verlinkung nicht erkennbar. Eine permanente inhaltliche Kontrolle der verlinkten Seiten ist jedoch ohne konkrete Anhaltspunkte einer Rechtsverletzung nicht zumutbar. Bei Bekanntwerden von Rechtsverletzungen werden wir derartige Links umgehend entfernen.<\/p>\n<p><strong>Urheberrecht<\/strong><\/p>\n<p>Die durch die Seitenbetreiber erstellten Inhalte und Werke auf diesen Seiten unterliegen dem deutschen Urheberrecht. Die Vervielf\u00e4ltigung, Bearbeitung, Verbreitung und jede Art der Verwertung au\u00dferhalb der Grenzen des Urheberrechtes bed\u00fcrfen der schriftlichen Zustimmung des jeweiligen Autors bzw. Erstellers. Downloads und Kopien dieser Seite sind nur f\u00fcr den privaten, nicht kommerziellen Gebrauch gestattet. Soweit die Inhalte auf dieser Seite nicht vom Betreiber erstellt wurden, werden die Urheberrechte Dritter beachtet. Insbesondere werden Inhalte Dritter als solche gekennzeichnet. Sollten Sie trotzdem auf eine Urheberrechtsverletzung aufmerksam werden, bitten wir um einen entsprechenden Hinweis. Bei Bekanntwerden von Rechtsverletzungen werden wir derartige Inhalte umgehend entfernen.<\/p>\n<p><em>Quellverweis:\u00a0<\/em><a href=\"http:\/\/www.e-recht24.de\/muster-disclaimer.html\"><em>Disclaimer<\/em><\/a><em>\u00a0von eRecht24, dem Portal zum Internetrecht von Rechtsanwalt S\u00f6ren Siebert<\/em><\/p>\n\r\n\t\t<\/div>\r\n\t<\/div>\r\n<\/div><\/div><\/div><\/div>\n<\/div>","protected":false},"excerpt":{"rendered":"IMPRESSUM TC GR\u00dcN-WEISS RECKENFELD e.V. Zur Freilichtb\u00fchne 35 48268 Greven Angaben gem\u00e4\u00df \u00a7 5 TMG Inhaltlich verantwortlich: Eugen T\u00f6ws Zur Freilichtb\u00fchne 35 48268 Greven Kontakt: 01732771937 E-Mail: info@tcgruenweissreckenfeld.de Haftungsausschluss (Disclaimer) Bildnachweis Stock Images: #114447864, #591917119, #105322221, #87981439 Haftung f\u00fcr Inhalte Als Diensteanbieter sind wir gem\u00e4\u00df \u00a7 7 Abs.1 TMG f\u00fcr eigene Inhalte auf diesen Seiten nach den allgemeinen Gesetzen verantwortlich. ... <a href=\"https:\/\/www.tcgruenweissreckenfeld.de\/es\/impressum\" class=\"more-link\">Read More<\/a>","protected":false},"author":1,"featured_media":5988,"parent":0,"menu_order":0,"comment_status":"closed","ping_status":"closed","template":"template-blank-4.php","meta":{"footnotes":""},"class_list":["post-2947","page","type-page","status-publish","has-post-thumbnail","hentry"],"yoast_head":"<!-- This site is optimized with the Yoast SEO plugin v23.1 - https:\/\/yoast.com\/wordpress\/plugins\/seo\/ -->\n<title>Impressum - TC Gr\u00fcn-Weiss Reckenfeld<\/title>\n<meta name=\"description\" content=\"Impressum: TC Gr\u00fcn-Weiss Reckenfeld: Tennis im Raum Greven, M\u00fcnster mit Mannschaften f\u00fcr Damen, Herren, Jugend, Junioren und Kinder\" \/>\n<meta name=\"robots\" content=\"index, follow, max-snippet:-1, max-image-preview:large, max-video-preview:-1\" \/>\n<link rel=\"canonical\" href=\"https:\/\/www.tcgruenweissreckenfeld.de\/es\/impressum\/\" \/>\n<meta property=\"og:locale\" content=\"es_ES\" \/>\n<meta property=\"og:type\" content=\"article\" \/>\n<meta property=\"og:title\" content=\"Impressum - TC Gr\u00fcn-Weiss Reckenfeld\" \/>\n<meta property=\"og:description\" content=\"Impressum: TC Gr\u00fcn-Weiss Reckenfeld: Tennis im Raum Greven, M\u00fcnster mit Mannschaften f\u00fcr Damen, Herren, Jugend, Junioren und Kinder\" \/>\n<meta property=\"og:url\" content=\"https:\/\/www.tcgruenweissreckenfeld.de\/es\/impressum\/\" \/>\n<meta property=\"og:site_name\" content=\"www.tcgruenweissreckenfeld.de\" \/>\n<meta property=\"article:modified_time\" content=\"2026-03-06T14:45:49+00:00\" \/>\n<meta property=\"og:image\" content=\"https:\/\/www.tcgruenweissreckenfeld.de\/wp-content\/uploads\/startseite_800_600.jpg\" \/>\n\t<meta property=\"og:image:width\" content=\"800\" \/>\n\t<meta property=\"og:image:height\" content=\"600\" \/>\n\t<meta property=\"og:image:type\" content=\"image\/jpeg\" \/>\n<meta name=\"twitter:card\" content=\"summary_large_image\" \/>\n<meta name=\"twitter:label1\" content=\"Tiempo de lectura\" \/>\n\t<meta name=\"twitter:data1\" content=\"3 minutos\" \/>\n<script type=\"application\/ld+json\" class=\"yoast-schema-graph\">{\"@context\":\"https:\/\/schema.org\",\"@graph\":[{\"@type\":\"WebPage\",\"@id\":\"https:\/\/www.tcgruenweissreckenfeld.de\/impressum\",\"url\":\"https:\/\/www.tcgruenweissreckenfeld.de\/impressum\",\"name\":\"Impressum - TC Gr\u00fcn-Weiss Reckenfeld\",\"isPartOf\":{\"@id\":\"https:\/\/www.tcgruenweissreckenfeld.de\/#website\"},\"primaryImageOfPage\":{\"@id\":\"https:\/\/www.tcgruenweissreckenfeld.de\/impressum#primaryimage\"},\"image\":{\"@id\":\"https:\/\/www.tcgruenweissreckenfeld.de\/impressum#primaryimage\"},\"thumbnailUrl\":\"https:\/\/www.tcgruenweissreckenfeld.de\/wp-content\/uploads\/startseite_800_600.jpg\",\"datePublished\":\"2020-03-12T16:55:12+00:00\",\"dateModified\":\"2026-03-06T14:45:49+00:00\",\"description\":\"Impressum: TC Gr\u00fcn-Weiss Reckenfeld: Tennis im Raum Greven, M\u00fcnster mit Mannschaften f\u00fcr Damen, Herren, Jugend, Junioren und Kinder\",\"inLanguage\":\"es\",\"potentialAction\":[{\"@type\":\"ReadAction\",\"target\":[\"https:\/\/www.tcgruenweissreckenfeld.de\/impressum\"]}]},{\"@type\":\"ImageObject\",\"inLanguage\":\"es\",\"@id\":\"https:\/\/www.tcgruenweissreckenfeld.de\/impressum#primaryimage\",\"url\":\"https:\/\/www.tcgruenweissreckenfeld.de\/wp-content\/uploads\/startseite_800_600.jpg\",\"contentUrl\":\"https:\/\/www.tcgruenweissreckenfeld.de\/wp-content\/uploads\/startseite_800_600.jpg\",\"width\":800,\"height\":600,\"caption\":\"TC Gr\u00fcn-Weiss Reckenfeld: Tennis und Tennishalle im Raum Greven, M\u00fcnster mit Mannschaften f\u00fcr Damen, Herren, Jugend, Junioren und Kinder\"},{\"@type\":\"WebSite\",\"@id\":\"https:\/\/www.tcgruenweissreckenfeld.de\/#website\",\"url\":\"https:\/\/www.tcgruenweissreckenfeld.de\/\",\"name\":\"www.tcgruenweissreckenfeld.de\",\"description\":\"www.tcgruenweissreckenfeld.de\",\"potentialAction\":[{\"@type\":\"SearchAction\",\"target\":{\"@type\":\"EntryPoint\",\"urlTemplate\":\"https:\/\/www.tcgruenweissreckenfeld.de\/?s={search_term_string}\"},\"query-input\":\"required name=search_term_string\"}],\"inLanguage\":\"es\"}]}<\/script>\n<!-- \/ Yoast SEO plugin. -->","yoast_head_json":{"title":"Impressum - TC Gr\u00fcn-Weiss Reckenfeld","description":"Impressum: TC Gr\u00fcn-Weiss Reckenfeld: Tennis im Raum Greven, M\u00fcnster mit Mannschaften f\u00fcr Damen, Herren, Jugend, Junioren und Kinder","robots":{"index":"index","follow":"follow","max-snippet":"max-snippet:-1","max-image-preview":"max-image-preview:large","max-video-preview":"max-video-preview:-1"},"canonical":"https:\/\/www.tcgruenweissreckenfeld.de\/es\/impressum\/","og_locale":"es_ES","og_type":"article","og_title":"Impressum - TC Gr\u00fcn-Weiss Reckenfeld","og_description":"Impressum: TC Gr\u00fcn-Weiss Reckenfeld: Tennis im Raum Greven, M\u00fcnster mit Mannschaften f\u00fcr Damen, Herren, Jugend, Junioren und Kinder","og_url":"https:\/\/www.tcgruenweissreckenfeld.de\/es\/impressum\/","og_site_name":"www.tcgruenweissreckenfeld.de","article_modified_time":"2026-03-06T14:45:49+00:00","og_image":[{"width":800,"height":600,"url":"https:\/\/www.tcgruenweissreckenfeld.de\/wp-content\/uploads\/startseite_800_600.jpg","type":"image\/jpeg"}],"twitter_card":"summary_large_image","twitter_misc":{"Tiempo de lectura":"3 minutos"},"schema":{"@context":"https:\/\/schema.org","@graph":[{"@type":"WebPage","@id":"https:\/\/www.tcgruenweissreckenfeld.de\/impressum","url":"https:\/\/www.tcgruenweissreckenfeld.de\/impressum","name":"Impressum - TC Gr\u00fcn-Weiss Reckenfeld","isPartOf":{"@id":"https:\/\/www.tcgruenweissreckenfeld.de\/#website"},"primaryImageOfPage":{"@id":"https:\/\/www.tcgruenweissreckenfeld.de\/impressum#primaryimage"},"image":{"@id":"https:\/\/www.tcgruenweissreckenfeld.de\/impressum#primaryimage"},"thumbnailUrl":"https:\/\/www.tcgruenweissreckenfeld.de\/wp-content\/uploads\/startseite_800_600.jpg","datePublished":"2020-03-12T16:55:12+00:00","dateModified":"2026-03-06T14:45:49+00:00","description":"Impressum: TC Gr\u00fcn-Weiss Reckenfeld: Tennis im Raum Greven, M\u00fcnster mit Mannschaften f\u00fcr Damen, Herren, Jugend, Junioren und Kinder","inLanguage":"es","potentialAction":[{"@type":"ReadAction","target":["https:\/\/www.tcgruenweissreckenfeld.de\/impressum"]}]},{"@type":"ImageObject","inLanguage":"es","@id":"https:\/\/www.tcgruenweissreckenfeld.de\/impressum#primaryimage","url":"https:\/\/www.tcgruenweissreckenfeld.de\/wp-content\/uploads\/startseite_800_600.jpg","contentUrl":"https:\/\/www.tcgruenweissreckenfeld.de\/wp-content\/uploads\/startseite_800_600.jpg","width":800,"height":600,"caption":"TC Gr\u00fcn-Weiss Reckenfeld: Tennis und Tennishalle im Raum Greven, M\u00fcnster mit Mannschaften f\u00fcr Damen, Herren, Jugend, Junioren und Kinder"},{"@type":"WebSite","@id":"https:\/\/www.tcgruenweissreckenfeld.de\/#website","url":"https:\/\/www.tcgruenweissreckenfeld.de\/","name":"www.tcgruenweissreckenfeld.de","description":"www.tcgruenweissreckenfeld.de","potentialAction":[{"@type":"SearchAction","target":{"@type":"EntryPoint","urlTemplate":"https:\/\/www.tcgruenweissreckenfeld.de\/?s={search_term_string}"},"query-input":"required name=search_term_string"}],"inLanguage":"es"}]}},"_links":{"self":[{"href":"https:\/\/www.tcgruenweissreckenfeld.de\/es\/wp-json\/wp\/v2\/pages\/2947"}],"collection":[{"href":"https:\/\/www.tcgruenweissreckenfeld.de\/es\/wp-json\/wp\/v2\/pages"}],"about":[{"href":"https:\/\/www.tcgruenweissreckenfeld.de\/es\/wp-json\/wp\/v2\/types\/page"}],"author":[{"embeddable":true,"href":"https:\/\/www.tcgruenweissreckenfeld.de\/es\/wp-json\/wp\/v2\/users\/1"}],"replies":[{"embeddable":true,"href":"https:\/\/www.tcgruenweissreckenfeld.de\/es\/wp-json\/wp\/v2\/comments?post=2947"}],"version-history":[{"count":4,"href":"https:\/\/www.tcgruenweissreckenfeld.de\/es\/wp-json\/wp\/v2\/pages\/2947\/revisions"}],"predecessor-version":[{"id":6474,"href":"https:\/\/www.tcgruenweissreckenfeld.de\/es\/wp-json\/wp\/v2\/pages\/2947\/revisions\/6474"}],"wp:featuredmedia":[{"embeddable":true,"href":"https:\/\/www.tcgruenweissreckenfeld.de\/es\/wp-json\/wp\/v2\/media\/5988"}],"wp:attachment":[{"href":"https:\/\/www.tcgruenweissreckenfeld.de\/es\/wp-json\/wp\/v2\/media?parent=2947"}],"curies":[{"name":"wp","href":"https:\/\/api.w.org\/{rel}","templated":true}]}}