{"id":2966,"date":"2020-03-13T06:52:57","date_gmt":"2020-03-13T06:52:57","guid":{"rendered":"https:\/\/www.tcgruenweissreckenfeld.de\/?page_id=2966"},"modified":"2026-03-06T15:47:03","modified_gmt":"2026-03-06T15:47:03","slug":"datenschutzerklaerung","status":"publish","type":"page","link":"https:\/\/www.tcgruenweissreckenfeld.de\/es\/datenschutzerklaerung","title":{"rendered":"Pol\u00edtica de privacidad"},"content":{"rendered":"<div class=\"wpb-content-wrapper\"><div class=\"vc_row wpb_row vc_row-fluid inner_container desktop-visible cneo-head vc_custom_1722060664539 vc_row-has-fill vc_rtl-columns-reverse vc_row-o-content-middle vc_row-flex\"><div class=\"wpb_column vc_column_container vc_col-sm-3\/5\"><div class=\"vc_column-inner vc_custom_1581831845353\"><div class=\"wpb_wrapper\">\r\n\t<div class=\"wpb_text_column wpb_content_element\" >\r\n\t\t<div class=\"wpb_wrapper\">\r\n\t\t\t\r\n\t\t<\/div>\r\n\t<\/div>\r\n<\/div><\/div><\/div><\/div><div class=\"vc_row wpb_row vc_row-fluid mobile-invisible cneo-head\"><div class=\"wpb_column vc_column_container vc_col-sm-12\"><div class=\"vc_column-inner\"><div class=\"wpb_wrapper\">\r\n\t<div  class=\"wpb_single_image wpb_content_element vc_align_left\">\r\n\t\t\r\n\t\t<figure class=\"wpb_wrapper vc_figure\">\r\n\t\t\t<div class=\"vc_single_image-wrapper   vc_box_border_grey\"><img loading=\"lazy\" decoding=\"async\" width=\"800\" height=\"600\" src=\"https:\/\/www.tcgruenweissreckenfeld.de\/wp-content\/uploads\/startseite_800_600.jpg\" class=\"vc_single_image-img attachment-full\" alt=\"TC Gr\u00fcn-Weiss Reckenfeld: Centro de tenis y tenis cubierto en la zona de Greven, M\u00fcnster, con equipos femeninos, masculinos, juveniles, juniors e infantiles.\" title=\"\" srcset=\"https:\/\/www.tcgruenweissreckenfeld.de\/wp-content\/uploads\/startseite_800_600.jpg 800w, https:\/\/www.tcgruenweissreckenfeld.de\/wp-content\/uploads\/startseite_800_600-300x225.jpg 300w, https:\/\/www.tcgruenweissreckenfeld.de\/wp-content\/uploads\/startseite_800_600-768x576.jpg 768w, https:\/\/www.tcgruenweissreckenfeld.de\/wp-content\/uploads\/startseite_800_600-16x12.jpg 16w, https:\/\/www.tcgruenweissreckenfeld.de\/wp-content\/uploads\/startseite_800_600-100x75.jpg 100w\" sizes=\"(max-width: 800px) 100vw, 800px\" \/><\/div>\r\n\t\t<\/figure>\r\n\t<\/div>\r\n<\/div><\/div><\/div><\/div><div class=\"vc_row wpb_row vc_row-fluid inner_container_fixed vc_custom_1584032465510 vc_row-has-fill\"><div class=\"wpb_column vc_column_container vc_col-sm-12\"><div class=\"vc_column-inner\"><div class=\"wpb_wrapper\">\r\n\t<div class=\"wpb_text_column wpb_content_element\" >\r\n\t\t<div class=\"wpb_wrapper\">\r\n\t\t\t<h1 style=\"text-align: center;\"><strong>DATENSCHUTZ-ERKL\u00c4RUNG<\/strong><\/h1>\n<p><strong>Wir nehmen Datenschutz ernst<\/strong><\/p>\n<p>Der Schutz Ihrer Privatsph\u00e4re bei der Verarbeitung pers\u00f6nlicher Daten ist f\u00fcr uns ein wichtiges Anliegen. Wenn Sie unsere Webseite besuchen, speichern unsere Webserver standardm\u00e4\u00dfig die IP Ihres Internet Service Provider, die Webseite, von der aus Sie uns besuchen, die Webseiten, die Sie bei uns besuchen sowie das Datum und die Dauer des Besuches. Diese Informationen sind f\u00fcr die technische \u00dcbertragung der Webseiten und den sicheren Serverbetrieb zwingend erforderlich. Eine personalisierte Auswertung dieser Daten erfolgt nicht.<\/p>\n<p>Sofern Sie uns Daten per Kontakt-Formular senden, werden diese Daten im Zuge der Datensicherung auf unseren Servern gespeichert. Ihre Daten werden von uns ausschlie\u00dflich zur Bearbeitung Ihres Anliegens verwendet. Ihre Daten werden streng vertraulich behandelt. Eine Weitergabe an Dritte erfolgt nicht.<\/p>\n<p>Verantwortliche Stelle:<br \/>\nTC GR\u00dcN-WEISS RECKENFELD e.V.<br \/>\nEugen T\u00f6ws<br \/>\nZur Freilichtb\u00fchne 35<br \/>\n48268 Greven<br \/>\nE-Mail:\u00a0info(at)tcgruenweissreckenfeld.de<br \/>\nTelefon:01732771937<\/p>\n<p><strong>Personenbezogene Daten<\/strong><\/p>\n<p>Personenbezogene Daten sind Daten \u00fcber Ihre Person. Diese beinhalten Ihren Namen, Ihre Adresse und Ihre Email Adresse. Sie m\u00fcssen auch keine personenbezogenen Daten preisgeben um unsere Internetseite besuchen zu k\u00f6nnen. In einigen F\u00e4llen ben\u00f6tigen wir Ihren Namen und Adresse sowie weitere Informationen um Ihnen die gew\u00fcnschte Dienstleistung anbieten zu k\u00f6nnen.<br \/>\nDas Gleiche gilt f\u00fcr den Fall, dass wir Sie auf Wunsch mit Informationsmaterial beliefern bzw. wenn wir Ihre Anfragen beantworten. In diesen F\u00e4llen werden wir Sie immer darauf hinweisen. Au\u00dferdem speichern wir nur die Daten, die Sie uns automatisch oder freiwillig \u00fcbermittelt haben.<br \/>\nWenn Sie einen unserer Services nutzen, sammeln wir in der Regel nur die Daten die notwendig sind um Ihnen unseren Service bieten zu k\u00f6nnen. M\u00f6glicherweise fragen wir Sie nach weiteren Informationen, die aber freiwilliger Natur sind. Wann immer wir personenbezogene Daten verarbeiten, tun wir dies um Ihnen unseren Service anbieten zu k\u00f6nnen oder um unsere kommerziellen Ziele zu verfolgen.<\/p>\n<p><strong>Automatisch gespeicherte nicht personenbezogene Daten<\/strong><\/p>\n<p>Wenn Sie unsere Internetseiten besuchen, speichern wir aus administrativen und technischen Gr\u00fcnden bestimmte Informationen. Diese sind: Typ und Version des verwendeten Browsers, Datum und Uhrzeit des Zugriffs, sowie die IP Adresse.<\/p>\n<p>Diese Daten werden anonymisiert und lediglich f\u00fcr statistische Zwecke bzw. daf\u00fcr verwendet, unsere Internet- und Onlinedienste zu verbessern.<br \/>\nDiese anonymisierten Daten werden &#8211; getrennt von personenbezogenen Daten &#8211; auf sicheren Systemen gespeichert und k\u00f6nnen keinen individuellen Personen zugeordnet werden. Das bedeutet, dass Ihre personenbezogenen Daten jederzeit gesch\u00fctzt bleiben.<\/p>\n<p><strong>Cookies<\/strong><\/p>\n<p>Wenn Sie unsere Internetseiten besuchen speichern wir m\u00f6glicherweise Informationen auf Ihrem Computer in Form von Cookies. Cookies sind kleine Dateien die von einem Internetserver an Ihren Browser \u00fcbertragen und auf dessen Festplatte gespeichert werden. Lediglich die Internet Protokoll Adresse wird hierbei gespeichert \u2013 keine personenbezogenen Daten. Diese Information die in den Cookies gespeichert wird erlaubt es, Sie bei dem n\u00e4chsten Besuch auf unserer Internetseite automatisch wiederzuerkennen, wodurch Ihnen die Nutzung erleichtert wird.<\/p>\n<p>Nat\u00fcrlich k\u00f6nnen Sie unsere Internetseiten auch besuchen ohne Cookies zu akzeptieren. Wenn Sie nicht m\u00f6chten, dass Ihr Computer beim n\u00e4chsten Besuch wiedererkannt wird k\u00f6nnen Sie die Verwendung von Cookies auch ablehnen indem Sie die Einstellungen in Ihrem Browser auf \u201eCookies ablehnen\u201c \u00e4ndern. Die jeweilige Vorgehensweise finden Sie in der Bedienungsanleitung Ihres jeweiligen Browsers. Wenn Sie die Verwendung von Cookies ablehnen, kann es jedoch zu Einschr\u00e4nkungen in der Nutzung mancher Bereiche unserer Internetseiten kommen.<\/p>\n<p><strong>Einsatz von Google Maps<\/strong><\/p>\n<p>Diese Website benutzt Google Maps zur Darstellung von Karten und zur Erstellung von Anfahrtspl\u00e4nen.<br \/>\nGoogle Maps wird von Google Inc., 1600 Amphitheatre Parkway, Mountain View, CA 94043, USA betrieben.<br \/>\nDurch die Nutzung von Google maps auf dieser Website erkl\u00e4ren Sie sich mit der Erfassung, Bearbeitung sowie der Nutzung der automatisch erhobenen sowie der von Ihnen eingegeben Daten durch Google, einer seiner Vertreter, oder Drittanbieter einverstanden.<br \/>\nDie Nutzungsbedingungen f\u00fcr Google Maps finden Sie\u00a0<a href=\"http:\/\/www.google.com\/intl\/de_de\/help\/terms_maps.html\">hier<\/a>.<br \/>\nDie Datenschutzerkl\u00e4rung von Google Maps k\u00f6nnen Sie\u00a0<a href=\"http:\/\/www.google.de\/intl\/de\/policies\/privacy\/\">hier<\/a>\u00a0einsehen.<\/p>\n<p><strong>Sicherheit<\/strong><\/p>\n<p>Wir haben technische und administrative Sicherheitsvorkehrungen getroffen um Ihre personenbezogenen Daten gegen Verlust, Zerst\u00f6rung, Manipulation und unautorisierten Zugriff zu sch\u00fctzen. All unsere Mitarbeiter sowie f\u00fcr uns t\u00e4tige Dienstleister sind auf die g\u00fcltigen Datenschutzgesetze verpflichtet.<br \/>\nWann immer wir personenbezogene Daten sammeln und verarbeiten werden diese verschl\u00fcsselt bevor sie \u00fcbertragen werden. Das hei\u00dft, dass Ihre Daten nicht von Dritten missbraucht werden k\u00f6nnen. Unsere Sicherheitsvorkehrungen unterliegen dabei einem st\u00e4ndigen Verbesserungsprozess und unsere Datenschutzerkl\u00e4rungen werden st\u00e4ndig \u00fcberarbeitet. Bitte stellen Sie sicher, dass Ihnen die aktuellste Version vorliegt.<\/p>\n<p><strong>Betroffenenrechte<\/strong><\/p>\n<p>Bitte kontaktieren Sie uns jederzeit, wenn Sie sich informieren m\u00f6chten welche personenbezogenen Daten wir \u00fcber Sie speichern bzw. wenn Sie diese berichtigen oder l\u00f6schen lassen wollen. Des Weiteren haben Sie das Recht auf Einschr\u00e4nkung der Verarbeitung (Art. 18 DSGVO), ein Widerspruchsrechts gegen die Verarbeitung (Art. 21 DSGVO) sowie das Recht auf Daten\u00fcbertragbarkeit (Art. 20 DSGVO).<br \/>\nIn diesen F\u00e4llen wenden Sie sich bitte direkt an uns.<\/p>\n<p><strong>\u00c4nderungen dieser Datenschutzerkl\u00e4rung<\/strong><\/p>\n<p>Wir behalten uns das Recht vor, unsere Datenschutzerkl\u00e4rungen zu \u00e4ndern falls dies aufgrund neuer Technologien notwendig sein sollte. Bitte stellen Sie sicher, dass Ihnen die aktuellste Version vorliegt. Werden an dieser Datenschutzerkl\u00e4rung grundlegende \u00c4nderungen vorgenommen, geben wir diese auf unserer Website bekannt.<br \/>\nAlle Interessenten und Besucher unserer Internetseite erreichen uns in Datenschutzfragen unter:<\/p>\n<p>TC GR\u00dcN-WEISS RECKENFELD e.V.<br \/>\nEugen T\u00f6ws<br \/>\nZur Freilichtb\u00fchne 35<br \/>\n48268 Greven<br \/>\nE-Mail:\u00a0info(at)tcgruenweissreckenfeld.de<br \/>\nTelefon: 01732771937<\/p>\n<p>Sollte unser Datenschutzbeauftragter Ihr Anliegen nicht zu Ihrer Zufriedenheit beantworten k\u00f6nnen, bleibt Ihnen in jedem Falle ihr Recht auf Beschwerde bei der f\u00fcr Ihr Bundesland zust\u00e4ndigen Datenschutz-Aufsichtsbeh\u00f6rde.<\/p>\n\r\n\t\t<\/div>\r\n\t<\/div>\r\n<\/div><\/div><\/div><\/div>\n<\/div>","protected":false},"excerpt":{"rendered":"DATENSCHUTZ-ERKL\u00c4RUNG Wir nehmen Datenschutz ernst Der Schutz Ihrer Privatsph\u00e4re bei der Verarbeitung pers\u00f6nlicher Daten ist f\u00fcr uns ein wichtiges Anliegen. Wenn Sie unsere Webseite besuchen, speichern unsere Webserver standardm\u00e4\u00dfig die IP Ihres Internet Service Provider, die Webseite, von der aus Sie uns besuchen, die Webseiten, die Sie bei uns besuchen sowie das Datum und die Dauer des Besuches. Diese Informationen ... <a href=\"https:\/\/www.tcgruenweissreckenfeld.de\/es\/datenschutzerklaerung\" class=\"more-link\">Read More<\/a>","protected":false},"author":1,"featured_media":5988,"parent":0,"menu_order":0,"comment_status":"closed","ping_status":"closed","template":"template-blank-4.php","meta":{"footnotes":""},"class_list":["post-2966","page","type-page","status-publish","has-post-thumbnail","hentry"],"yoast_head":"<!-- This site is optimized with the Yoast SEO plugin v23.1 - https:\/\/yoast.com\/wordpress\/plugins\/seo\/ -->\n<title>Datenschutzerkl\u00e4rung - TC Gr\u00fcn-Weiss Reckenfeld<\/title>\n<meta name=\"description\" content=\"Datenschutzerkl\u00e4rung: TC Gr\u00fcn-Weiss Reckenfeld: Tennis im Raum Greven, M\u00fcnster mit Mannschaften f\u00fcr Damen, Herren, Jugend, Junioren, Kinder\" \/>\n<meta name=\"robots\" content=\"index, follow, max-snippet:-1, max-image-preview:large, max-video-preview:-1\" \/>\n<link rel=\"canonical\" href=\"https:\/\/www.tcgruenweissreckenfeld.de\/es\/datenschutzerklaerung\/\" \/>\n<meta property=\"og:locale\" content=\"es_ES\" \/>\n<meta property=\"og:type\" content=\"article\" \/>\n<meta property=\"og:title\" content=\"Datenschutzerkl\u00e4rung - TC Gr\u00fcn-Weiss Reckenfeld\" \/>\n<meta property=\"og:description\" content=\"Datenschutzerkl\u00e4rung: TC Gr\u00fcn-Weiss Reckenfeld: Tennis im Raum Greven, M\u00fcnster mit Mannschaften f\u00fcr Damen, Herren, Jugend, Junioren, Kinder\" \/>\n<meta property=\"og:url\" content=\"https:\/\/www.tcgruenweissreckenfeld.de\/es\/datenschutzerklaerung\/\" \/>\n<meta property=\"og:site_name\" content=\"www.tcgruenweissreckenfeld.de\" \/>\n<meta property=\"article:modified_time\" content=\"2026-03-06T15:47:03+00:00\" \/>\n<meta property=\"og:image\" content=\"https:\/\/www.tcgruenweissreckenfeld.de\/wp-content\/uploads\/startseite_800_600.jpg\" \/>\n\t<meta property=\"og:image:width\" content=\"800\" \/>\n\t<meta property=\"og:image:height\" content=\"600\" \/>\n\t<meta property=\"og:image:type\" content=\"image\/jpeg\" \/>\n<meta name=\"twitter:card\" content=\"summary_large_image\" \/>\n<meta name=\"twitter:label1\" content=\"Tiempo de lectura\" \/>\n\t<meta name=\"twitter:data1\" content=\"6 minutos\" \/>\n<script type=\"application\/ld+json\" class=\"yoast-schema-graph\">{\"@context\":\"https:\/\/schema.org\",\"@graph\":[{\"@type\":\"WebPage\",\"@id\":\"https:\/\/www.tcgruenweissreckenfeld.de\/datenschutzerklaerung\",\"url\":\"https:\/\/www.tcgruenweissreckenfeld.de\/datenschutzerklaerung\",\"name\":\"Datenschutzerkl\u00e4rung - TC Gr\u00fcn-Weiss Reckenfeld\",\"isPartOf\":{\"@id\":\"https:\/\/www.tcgruenweissreckenfeld.de\/#website\"},\"primaryImageOfPage\":{\"@id\":\"https:\/\/www.tcgruenweissreckenfeld.de\/datenschutzerklaerung#primaryimage\"},\"image\":{\"@id\":\"https:\/\/www.tcgruenweissreckenfeld.de\/datenschutzerklaerung#primaryimage\"},\"thumbnailUrl\":\"https:\/\/www.tcgruenweissreckenfeld.de\/wp-content\/uploads\/startseite_800_600.jpg\",\"datePublished\":\"2020-03-13T06:52:57+00:00\",\"dateModified\":\"2026-03-06T15:47:03+00:00\",\"description\":\"Datenschutzerkl\u00e4rung: TC Gr\u00fcn-Weiss Reckenfeld: Tennis im Raum Greven, M\u00fcnster mit Mannschaften f\u00fcr Damen, Herren, Jugend, Junioren, Kinder\",\"inLanguage\":\"es\",\"potentialAction\":[{\"@type\":\"ReadAction\",\"target\":[\"https:\/\/www.tcgruenweissreckenfeld.de\/datenschutzerklaerung\"]}]},{\"@type\":\"ImageObject\",\"inLanguage\":\"es\",\"@id\":\"https:\/\/www.tcgruenweissreckenfeld.de\/datenschutzerklaerung#primaryimage\",\"url\":\"https:\/\/www.tcgruenweissreckenfeld.de\/wp-content\/uploads\/startseite_800_600.jpg\",\"contentUrl\":\"https:\/\/www.tcgruenweissreckenfeld.de\/wp-content\/uploads\/startseite_800_600.jpg\",\"width\":800,\"height\":600,\"caption\":\"TC Gr\u00fcn-Weiss Reckenfeld: Tennis und Tennishalle im Raum Greven, M\u00fcnster mit Mannschaften f\u00fcr Damen, Herren, Jugend, Junioren und Kinder\"},{\"@type\":\"WebSite\",\"@id\":\"https:\/\/www.tcgruenweissreckenfeld.de\/#website\",\"url\":\"https:\/\/www.tcgruenweissreckenfeld.de\/\",\"name\":\"www.tcgruenweissreckenfeld.de\",\"description\":\"www.tcgruenweissreckenfeld.de\",\"potentialAction\":[{\"@type\":\"SearchAction\",\"target\":{\"@type\":\"EntryPoint\",\"urlTemplate\":\"https:\/\/www.tcgruenweissreckenfeld.de\/?s={search_term_string}\"},\"query-input\":\"required name=search_term_string\"}],\"inLanguage\":\"es\"}]}<\/script>\n<!-- \/ Yoast SEO plugin. -->","yoast_head_json":{"title":"Datenschutzerkl\u00e4rung - TC Gr\u00fcn-Weiss Reckenfeld","description":"Datenschutzerkl\u00e4rung: TC Gr\u00fcn-Weiss Reckenfeld: Tennis im Raum Greven, M\u00fcnster mit Mannschaften f\u00fcr Damen, Herren, Jugend, Junioren, Kinder","robots":{"index":"index","follow":"follow","max-snippet":"max-snippet:-1","max-image-preview":"max-image-preview:large","max-video-preview":"max-video-preview:-1"},"canonical":"https:\/\/www.tcgruenweissreckenfeld.de\/es\/datenschutzerklaerung\/","og_locale":"es_ES","og_type":"article","og_title":"Datenschutzerkl\u00e4rung - TC Gr\u00fcn-Weiss Reckenfeld","og_description":"Datenschutzerkl\u00e4rung: TC Gr\u00fcn-Weiss Reckenfeld: Tennis im Raum Greven, M\u00fcnster mit Mannschaften f\u00fcr Damen, Herren, Jugend, Junioren, Kinder","og_url":"https:\/\/www.tcgruenweissreckenfeld.de\/es\/datenschutzerklaerung\/","og_site_name":"www.tcgruenweissreckenfeld.de","article_modified_time":"2026-03-06T15:47:03+00:00","og_image":[{"width":800,"height":600,"url":"https:\/\/www.tcgruenweissreckenfeld.de\/wp-content\/uploads\/startseite_800_600.jpg","type":"image\/jpeg"}],"twitter_card":"summary_large_image","twitter_misc":{"Tiempo de lectura":"6 minutos"},"schema":{"@context":"https:\/\/schema.org","@graph":[{"@type":"WebPage","@id":"https:\/\/www.tcgruenweissreckenfeld.de\/datenschutzerklaerung","url":"https:\/\/www.tcgruenweissreckenfeld.de\/datenschutzerklaerung","name":"Datenschutzerkl\u00e4rung - TC Gr\u00fcn-Weiss Reckenfeld","isPartOf":{"@id":"https:\/\/www.tcgruenweissreckenfeld.de\/#website"},"primaryImageOfPage":{"@id":"https:\/\/www.tcgruenweissreckenfeld.de\/datenschutzerklaerung#primaryimage"},"image":{"@id":"https:\/\/www.tcgruenweissreckenfeld.de\/datenschutzerklaerung#primaryimage"},"thumbnailUrl":"https:\/\/www.tcgruenweissreckenfeld.de\/wp-content\/uploads\/startseite_800_600.jpg","datePublished":"2020-03-13T06:52:57+00:00","dateModified":"2026-03-06T15:47:03+00:00","description":"Datenschutzerkl\u00e4rung: TC Gr\u00fcn-Weiss Reckenfeld: Tennis im Raum Greven, M\u00fcnster mit Mannschaften f\u00fcr Damen, Herren, Jugend, Junioren, Kinder","inLanguage":"es","potentialAction":[{"@type":"ReadAction","target":["https:\/\/www.tcgruenweissreckenfeld.de\/datenschutzerklaerung"]}]},{"@type":"ImageObject","inLanguage":"es","@id":"https:\/\/www.tcgruenweissreckenfeld.de\/datenschutzerklaerung#primaryimage","url":"https:\/\/www.tcgruenweissreckenfeld.de\/wp-content\/uploads\/startseite_800_600.jpg","contentUrl":"https:\/\/www.tcgruenweissreckenfeld.de\/wp-content\/uploads\/startseite_800_600.jpg","width":800,"height":600,"caption":"TC Gr\u00fcn-Weiss Reckenfeld: Tennis und Tennishalle im Raum Greven, M\u00fcnster mit Mannschaften f\u00fcr Damen, Herren, Jugend, Junioren und Kinder"},{"@type":"WebSite","@id":"https:\/\/www.tcgruenweissreckenfeld.de\/#website","url":"https:\/\/www.tcgruenweissreckenfeld.de\/","name":"www.tcgruenweissreckenfeld.de","description":"www.tcgruenweissreckenfeld.de","potentialAction":[{"@type":"SearchAction","target":{"@type":"EntryPoint","urlTemplate":"https:\/\/www.tcgruenweissreckenfeld.de\/?s={search_term_string}"},"query-input":"required name=search_term_string"}],"inLanguage":"es"}]}},"_links":{"self":[{"href":"https:\/\/www.tcgruenweissreckenfeld.de\/es\/wp-json\/wp\/v2\/pages\/2966"}],"collection":[{"href":"https:\/\/www.tcgruenweissreckenfeld.de\/es\/wp-json\/wp\/v2\/pages"}],"about":[{"href":"https:\/\/www.tcgruenweissreckenfeld.de\/es\/wp-json\/wp\/v2\/types\/page"}],"author":[{"embeddable":true,"href":"https:\/\/www.tcgruenweissreckenfeld.de\/es\/wp-json\/wp\/v2\/users\/1"}],"replies":[{"embeddable":true,"href":"https:\/\/www.tcgruenweissreckenfeld.de\/es\/wp-json\/wp\/v2\/comments?post=2966"}],"version-history":[{"count":4,"href":"https:\/\/www.tcgruenweissreckenfeld.de\/es\/wp-json\/wp\/v2\/pages\/2966\/revisions"}],"predecessor-version":[{"id":6478,"href":"https:\/\/www.tcgruenweissreckenfeld.de\/es\/wp-json\/wp\/v2\/pages\/2966\/revisions\/6478"}],"wp:featuredmedia":[{"embeddable":true,"href":"https:\/\/www.tcgruenweissreckenfeld.de\/es\/wp-json\/wp\/v2\/media\/5988"}],"wp:attachment":[{"href":"https:\/\/www.tcgruenweissreckenfeld.de\/es\/wp-json\/wp\/v2\/media?parent=2966"}],"curies":[{"name":"wp","href":"https:\/\/api.w.org\/{rel}","templated":true}]}}