{"id":6124,"date":"2024-07-27T06:46:06","date_gmt":"2024-07-27T06:46:06","guid":{"rendered":"https:\/\/www.tcgruenweissreckenfeld.de\/?page_id=6124"},"modified":"2024-07-27T07:08:09","modified_gmt":"2024-07-27T07:08:09","slug":"anfahrt","status":"publish","type":"page","link":"https:\/\/www.tcgruenweissreckenfeld.de\/es\/anfahrt","title":{"rendered":"Anfahrt"},"content":{"rendered":"<div class=\"wpb-content-wrapper\"><div class=\"vc_row wpb_row vc_row-fluid inner_container desktop-visible cneo-head vc_custom_1722061183569 vc_row-has-fill vc_rtl-columns-reverse vc_row-o-content-middle vc_row-flex\"><div class=\"wpb_column vc_column_container vc_col-sm-3\/5\"><div class=\"vc_column-inner vc_custom_1581831845353\"><div class=\"wpb_wrapper\">\r\n\t<div class=\"wpb_text_column wpb_content_element\" >\r\n\t\t<div class=\"wpb_wrapper\">\r\n\t\t\t\r\n\t\t<\/div>\r\n\t<\/div>\r\n<\/div><\/div><\/div><\/div><div class=\"vc_row wpb_row vc_row-fluid mobile-invisible cneo-head\"><div class=\"wpb_column vc_column_container vc_col-sm-12\"><div class=\"vc_column-inner\"><div class=\"wpb_wrapper\">\r\n\t<div  class=\"wpb_single_image wpb_content_element vc_align_left\">\r\n\t\t\r\n\t\t<figure class=\"wpb_wrapper vc_figure\">\r\n\t\t\t<div class=\"vc_single_image-wrapper   vc_box_border_grey\"><img loading=\"lazy\" decoding=\"async\" width=\"800\" height=\"600\" src=\"https:\/\/www.tcgruenweissreckenfeld.de\/wp-content\/uploads\/startseite_800_600.jpg\" class=\"vc_single_image-img attachment-full\" alt=\"TC Gr\u00fcn-Weiss Reckenfeld: Centro de tenis y tenis cubierto en la zona de Greven, M\u00fcnster, con equipos femeninos, masculinos, juveniles, juniors e infantiles.\" title=\"\" srcset=\"https:\/\/www.tcgruenweissreckenfeld.de\/wp-content\/uploads\/startseite_800_600.jpg 800w, https:\/\/www.tcgruenweissreckenfeld.de\/wp-content\/uploads\/startseite_800_600-300x225.jpg 300w, https:\/\/www.tcgruenweissreckenfeld.de\/wp-content\/uploads\/startseite_800_600-768x576.jpg 768w, https:\/\/www.tcgruenweissreckenfeld.de\/wp-content\/uploads\/startseite_800_600-16x12.jpg 16w, https:\/\/www.tcgruenweissreckenfeld.de\/wp-content\/uploads\/startseite_800_600-100x75.jpg 100w\" sizes=\"(max-width: 800px) 100vw, 800px\" \/><\/div>\r\n\t\t<\/figure>\r\n\t<\/div>\r\n<\/div><\/div><\/div><\/div><div class=\"vc_row wpb_row vc_row-fluid inner_container vc_custom_1719141017935 vc_row-has-fill vc_row-o-content-middle vc_row-flex\"><div class=\"inner_container_fixed wpb_column vc_column_container vc_col-sm-12\"><div class=\"vc_column-inner\"><div class=\"wpb_wrapper\">\r\n\t<div class=\"wpb_text_column wpb_content_element\" >\r\n\t\t<div class=\"wpb_wrapper\">\r\n\t\t\t<h1 style=\"text-align: center;\">ADRESSE UND ANFAHRT<\/h1>\n\r\n\t\t<\/div>\r\n\t<\/div>\r\n<\/div><\/div><\/div><\/div><div class=\"vc_row wpb_row vc_row-fluid inner_container vc_row-o-content-middle vc_row-flex\"><div class=\"wpb_column vc_column_container vc_col-sm-12\"><div class=\"vc_column-inner\"><div class=\"wpb_wrapper\"><div class=\"vc_row wpb_row vc_inner vc_row-fluid inner_container_fixed vc_column-gap-25\"><div class=\"wpb_column vc_column_container vc_col-sm-6\"><div class=\"vc_column-inner\"><div class=\"wpb_wrapper\">\r\n\t<div class=\"wpb_text_column wpb_content_element\" >\r\n\t\t<div class=\"wpb_wrapper\">\r\n\t\t\t<p>TC GR\u00dcN-WEISS RECKENFELD e.V.<br \/>\nZur Freilichtb\u00fchne 35<br \/>\n48268 Greven<\/p>\n<p>Ansprechpartner:<br \/>\nManfred Zilske<\/p>\n<p>Telefon:<br \/>\n02575-3735<\/p>\n<p>E-Mail:<br \/>\ninfo@tcgruenweissreckenfeld.de<\/p>\n\r\n\t\t<\/div>\r\n\t<\/div>\r\n<\/div><\/div><\/div><div class=\"wpb_column vc_column_container vc_col-sm-6\"><div class=\"vc_column-inner\"><div class=\"wpb_wrapper\">\r\n\t<div class=\"wpb_raw_code wpb_content_element wpb_raw_html\" >\r\n\t\t<div class=\"wpb_wrapper\">\r\n\t\t\t<iframe src=\"https:\/\/www.google.com\/maps\/embed?pb=!1m17!1m12!1m3!1d5824.011906595154!2d7.540653428506026!3d52.13986269664768!2m3!1f0!2f0!3f0!3m2!1i1024!2i768!4f13.1!3m2!1m1!2zNTLCsDA4JzIxLjgiTiA3wrAzMic0MC41IkU!5e0!3m2!1sde!2sde!4v1721792967281!5m2!1sde!2sde\" width=\"600\" height=\"450\" style=\"border:0;\" allowfullscreen=\"\" loading=\"lazy\" referrerpolicy=\"no-referrer-when-downgrade\"><\/iframe>\r\n\t\t<\/div>\r\n\t<\/div>\r\n<\/div><\/div><\/div><\/div><\/div><\/div><\/div><\/div>\n<\/div>","protected":false},"excerpt":{"rendered":"ADRESSE UND ANFAHRT TC GR\u00dcN-WEISS RECKENFELD e.V. Zur Freilichtb\u00fchne 35 48268 Greven Ansprechpartner: Manfred Zilske Telefon: 02575-3735 E-Mail: info@tcgruenweissreckenfeld.de","protected":false},"author":1,"featured_media":5988,"parent":0,"menu_order":0,"comment_status":"closed","ping_status":"closed","template":"template-blank-4.php","meta":{"footnotes":""},"class_list":["post-6124","page","type-page","status-publish","has-post-thumbnail","hentry"],"yoast_head":"<!-- This site is optimized with the Yoast SEO plugin v23.1 - https:\/\/yoast.com\/wordpress\/plugins\/seo\/ -->\n<title>Anfahrt - TC Gr\u00fcn-Weiss Reckenfeld<\/title>\n<meta name=\"description\" content=\"Anfahrt: TC Gr\u00fcn-Weiss Reckenfeld: Tennis im Raum Greven, M\u00fcnster mit Mannschaften f\u00fcr Damen, Herren, Jugend, Junioren und Kinder\" \/>\n<meta name=\"robots\" content=\"index, follow, max-snippet:-1, max-image-preview:large, max-video-preview:-1\" \/>\n<link rel=\"canonical\" href=\"https:\/\/www.tcgruenweissreckenfeld.de\/es\/anfahrt\/\" \/>\n<meta property=\"og:locale\" content=\"es_ES\" \/>\n<meta property=\"og:type\" content=\"article\" \/>\n<meta property=\"og:title\" content=\"Anfahrt - TC Gr\u00fcn-Weiss Reckenfeld\" \/>\n<meta property=\"og:description\" content=\"Anfahrt: TC Gr\u00fcn-Weiss Reckenfeld: Tennis im Raum Greven, M\u00fcnster mit Mannschaften f\u00fcr Damen, Herren, Jugend, Junioren und Kinder\" \/>\n<meta property=\"og:url\" content=\"https:\/\/www.tcgruenweissreckenfeld.de\/es\/anfahrt\/\" \/>\n<meta property=\"og:site_name\" content=\"www.tcgruenweissreckenfeld.de\" \/>\n<meta property=\"article:modified_time\" content=\"2024-07-27T07:08:09+00:00\" \/>\n<meta property=\"og:image\" content=\"https:\/\/www.tcgruenweissreckenfeld.de\/wp-content\/uploads\/startseite_800_600.jpg\" \/>\n\t<meta property=\"og:image:width\" content=\"800\" \/>\n\t<meta property=\"og:image:height\" content=\"600\" \/>\n\t<meta property=\"og:image:type\" content=\"image\/jpeg\" \/>\n<meta name=\"twitter:card\" content=\"summary_large_image\" \/>\n<meta name=\"twitter:label1\" content=\"Tiempo de lectura\" \/>\n\t<meta name=\"twitter:data1\" content=\"1 minuto\" \/>\n<script type=\"application\/ld+json\" class=\"yoast-schema-graph\">{\"@context\":\"https:\/\/schema.org\",\"@graph\":[{\"@type\":\"WebPage\",\"@id\":\"https:\/\/www.tcgruenweissreckenfeld.de\/anfahrt\",\"url\":\"https:\/\/www.tcgruenweissreckenfeld.de\/anfahrt\",\"name\":\"Anfahrt - TC Gr\u00fcn-Weiss Reckenfeld\",\"isPartOf\":{\"@id\":\"https:\/\/www.tcgruenweissreckenfeld.de\/#website\"},\"primaryImageOfPage\":{\"@id\":\"https:\/\/www.tcgruenweissreckenfeld.de\/anfahrt#primaryimage\"},\"image\":{\"@id\":\"https:\/\/www.tcgruenweissreckenfeld.de\/anfahrt#primaryimage\"},\"thumbnailUrl\":\"https:\/\/www.tcgruenweissreckenfeld.de\/wp-content\/uploads\/startseite_800_600.jpg\",\"datePublished\":\"2024-07-27T06:46:06+00:00\",\"dateModified\":\"2024-07-27T07:08:09+00:00\",\"description\":\"Anfahrt: TC Gr\u00fcn-Weiss Reckenfeld: Tennis im Raum Greven, M\u00fcnster mit Mannschaften f\u00fcr Damen, Herren, Jugend, Junioren und Kinder\",\"inLanguage\":\"es\",\"potentialAction\":[{\"@type\":\"ReadAction\",\"target\":[\"https:\/\/www.tcgruenweissreckenfeld.de\/anfahrt\"]}]},{\"@type\":\"ImageObject\",\"inLanguage\":\"es\",\"@id\":\"https:\/\/www.tcgruenweissreckenfeld.de\/anfahrt#primaryimage\",\"url\":\"https:\/\/www.tcgruenweissreckenfeld.de\/wp-content\/uploads\/startseite_800_600.jpg\",\"contentUrl\":\"https:\/\/www.tcgruenweissreckenfeld.de\/wp-content\/uploads\/startseite_800_600.jpg\",\"width\":800,\"height\":600,\"caption\":\"TC Gr\u00fcn-Weiss Reckenfeld: Tennis und Tennishalle im Raum Greven, M\u00fcnster mit Mannschaften f\u00fcr Damen, Herren, Jugend, Junioren und Kinder\"},{\"@type\":\"WebSite\",\"@id\":\"https:\/\/www.tcgruenweissreckenfeld.de\/#website\",\"url\":\"https:\/\/www.tcgruenweissreckenfeld.de\/\",\"name\":\"www.tcgruenweissreckenfeld.de\",\"description\":\"www.tcgruenweissreckenfeld.de\",\"potentialAction\":[{\"@type\":\"SearchAction\",\"target\":{\"@type\":\"EntryPoint\",\"urlTemplate\":\"https:\/\/www.tcgruenweissreckenfeld.de\/?s={search_term_string}\"},\"query-input\":\"required name=search_term_string\"}],\"inLanguage\":\"es\"}]}<\/script>\n<!-- \/ Yoast SEO plugin. -->","yoast_head_json":{"title":"Anfahrt - TC Gr\u00fcn-Weiss Reckenfeld","description":"Anfahrt: TC Gr\u00fcn-Weiss Reckenfeld: Tennis im Raum Greven, M\u00fcnster mit Mannschaften f\u00fcr Damen, Herren, Jugend, Junioren und Kinder","robots":{"index":"index","follow":"follow","max-snippet":"max-snippet:-1","max-image-preview":"max-image-preview:large","max-video-preview":"max-video-preview:-1"},"canonical":"https:\/\/www.tcgruenweissreckenfeld.de\/es\/anfahrt\/","og_locale":"es_ES","og_type":"article","og_title":"Anfahrt - TC Gr\u00fcn-Weiss Reckenfeld","og_description":"Anfahrt: TC Gr\u00fcn-Weiss Reckenfeld: Tennis im Raum Greven, M\u00fcnster mit Mannschaften f\u00fcr Damen, Herren, Jugend, Junioren und Kinder","og_url":"https:\/\/www.tcgruenweissreckenfeld.de\/es\/anfahrt\/","og_site_name":"www.tcgruenweissreckenfeld.de","article_modified_time":"2024-07-27T07:08:09+00:00","og_image":[{"width":800,"height":600,"url":"https:\/\/www.tcgruenweissreckenfeld.de\/wp-content\/uploads\/startseite_800_600.jpg","type":"image\/jpeg"}],"twitter_card":"summary_large_image","twitter_misc":{"Tiempo de lectura":"1 minuto"},"schema":{"@context":"https:\/\/schema.org","@graph":[{"@type":"WebPage","@id":"https:\/\/www.tcgruenweissreckenfeld.de\/anfahrt","url":"https:\/\/www.tcgruenweissreckenfeld.de\/anfahrt","name":"Anfahrt - TC Gr\u00fcn-Weiss Reckenfeld","isPartOf":{"@id":"https:\/\/www.tcgruenweissreckenfeld.de\/#website"},"primaryImageOfPage":{"@id":"https:\/\/www.tcgruenweissreckenfeld.de\/anfahrt#primaryimage"},"image":{"@id":"https:\/\/www.tcgruenweissreckenfeld.de\/anfahrt#primaryimage"},"thumbnailUrl":"https:\/\/www.tcgruenweissreckenfeld.de\/wp-content\/uploads\/startseite_800_600.jpg","datePublished":"2024-07-27T06:46:06+00:00","dateModified":"2024-07-27T07:08:09+00:00","description":"Anfahrt: TC Gr\u00fcn-Weiss Reckenfeld: Tennis im Raum Greven, M\u00fcnster mit Mannschaften f\u00fcr Damen, Herren, Jugend, Junioren und Kinder","inLanguage":"es","potentialAction":[{"@type":"ReadAction","target":["https:\/\/www.tcgruenweissreckenfeld.de\/anfahrt"]}]},{"@type":"ImageObject","inLanguage":"es","@id":"https:\/\/www.tcgruenweissreckenfeld.de\/anfahrt#primaryimage","url":"https:\/\/www.tcgruenweissreckenfeld.de\/wp-content\/uploads\/startseite_800_600.jpg","contentUrl":"https:\/\/www.tcgruenweissreckenfeld.de\/wp-content\/uploads\/startseite_800_600.jpg","width":800,"height":600,"caption":"TC Gr\u00fcn-Weiss Reckenfeld: Tennis und Tennishalle im Raum Greven, M\u00fcnster mit Mannschaften f\u00fcr Damen, Herren, Jugend, Junioren und Kinder"},{"@type":"WebSite","@id":"https:\/\/www.tcgruenweissreckenfeld.de\/#website","url":"https:\/\/www.tcgruenweissreckenfeld.de\/","name":"www.tcgruenweissreckenfeld.de","description":"www.tcgruenweissreckenfeld.de","potentialAction":[{"@type":"SearchAction","target":{"@type":"EntryPoint","urlTemplate":"https:\/\/www.tcgruenweissreckenfeld.de\/?s={search_term_string}"},"query-input":"required name=search_term_string"}],"inLanguage":"es"}]}},"_links":{"self":[{"href":"https:\/\/www.tcgruenweissreckenfeld.de\/es\/wp-json\/wp\/v2\/pages\/6124"}],"collection":[{"href":"https:\/\/www.tcgruenweissreckenfeld.de\/es\/wp-json\/wp\/v2\/pages"}],"about":[{"href":"https:\/\/www.tcgruenweissreckenfeld.de\/es\/wp-json\/wp\/v2\/types\/page"}],"author":[{"embeddable":true,"href":"https:\/\/www.tcgruenweissreckenfeld.de\/es\/wp-json\/wp\/v2\/users\/1"}],"replies":[{"embeddable":true,"href":"https:\/\/www.tcgruenweissreckenfeld.de\/es\/wp-json\/wp\/v2\/comments?post=6124"}],"version-history":[{"count":1,"href":"https:\/\/www.tcgruenweissreckenfeld.de\/es\/wp-json\/wp\/v2\/pages\/6124\/revisions"}],"predecessor-version":[{"id":6125,"href":"https:\/\/www.tcgruenweissreckenfeld.de\/es\/wp-json\/wp\/v2\/pages\/6124\/revisions\/6125"}],"wp:featuredmedia":[{"embeddable":true,"href":"https:\/\/www.tcgruenweissreckenfeld.de\/es\/wp-json\/wp\/v2\/media\/5988"}],"wp:attachment":[{"href":"https:\/\/www.tcgruenweissreckenfeld.de\/es\/wp-json\/wp\/v2\/media?parent=6124"}],"curies":[{"name":"wp","href":"https:\/\/api.w.org\/{rel}","templated":true}]}}