{"id":3047,"date":"2020-03-14T14:31:03","date_gmt":"2020-03-14T14:31:03","guid":{"rendered":"https:\/\/www.tcgruenweissreckenfeld.de\/?page_id=3047"},"modified":"2024-08-03T15:22:29","modified_gmt":"2024-08-03T15:22:29","slug":"kontakt","status":"publish","type":"page","link":"https:\/\/www.tcgruenweissreckenfeld.de\/fr\/kontakt","title":{"rendered":"Contact"},"content":{"rendered":"<div class=\"wpb-content-wrapper\"><div class=\"vc_row wpb_row vc_row-fluid inner_container desktop-visible cneo-head vc_custom_1722061183569 vc_row-has-fill vc_rtl-columns-reverse vc_row-o-content-middle vc_row-flex\"><div class=\"wpb_column vc_column_container vc_col-sm-3\/5\"><div class=\"vc_column-inner vc_custom_1581831845353\"><div class=\"wpb_wrapper\">\r\n\t<div class=\"wpb_text_column wpb_content_element\" >\r\n\t\t<div class=\"wpb_wrapper\">\r\n\t\t\t\r\n\t\t<\/div>\r\n\t<\/div>\r\n<\/div><\/div><\/div><\/div><div class=\"vc_row wpb_row vc_row-fluid mobile-invisible cneo-head\"><div class=\"wpb_column vc_column_container vc_col-sm-12\"><div class=\"vc_column-inner\"><div class=\"wpb_wrapper\">\r\n\t<div  class=\"wpb_single_image wpb_content_element vc_align_left\">\r\n\t\t\r\n\t\t<figure class=\"wpb_wrapper vc_figure\">\r\n\t\t\t<div class=\"vc_single_image-wrapper   vc_box_border_grey\"><img loading=\"lazy\" decoding=\"async\" width=\"800\" height=\"600\" src=\"https:\/\/www.tcgruenweissreckenfeld.de\/wp-content\/uploads\/startseite_800_600.jpg\" class=\"vc_single_image-img attachment-full\" alt=\"TC Gr\u00fcn-Weiss Reckenfeld : tennis et tennis couvert dans la r\u00e9gion de Greven, M\u00fcnster avec des \u00e9quipes pour femmes, hommes, jeunes, juniors et enfants\" title=\"\" srcset=\"https:\/\/www.tcgruenweissreckenfeld.de\/wp-content\/uploads\/startseite_800_600.jpg 800w, https:\/\/www.tcgruenweissreckenfeld.de\/wp-content\/uploads\/startseite_800_600-300x225.jpg 300w, https:\/\/www.tcgruenweissreckenfeld.de\/wp-content\/uploads\/startseite_800_600-768x576.jpg 768w, https:\/\/www.tcgruenweissreckenfeld.de\/wp-content\/uploads\/startseite_800_600-16x12.jpg 16w, https:\/\/www.tcgruenweissreckenfeld.de\/wp-content\/uploads\/startseite_800_600-100x75.jpg 100w\" sizes=\"(max-width: 800px) 100vw, 800px\" \/><\/div>\r\n\t\t<\/figure>\r\n\t<\/div>\r\n<\/div><\/div><\/div><\/div><div class=\"vc_row wpb_row vc_row-fluid inner_container vc_custom_1719141017935 vc_row-has-fill vc_row-o-content-middle vc_row-flex\"><div class=\"inner_container_fixed wpb_column vc_column_container vc_col-sm-12\"><div class=\"vc_column-inner\"><div class=\"wpb_wrapper\">\r\n\t<div class=\"wpb_text_column wpb_content_element\" >\r\n\t\t<div class=\"wpb_wrapper\">\r\n\t\t\t<h1 style=\"text-align: center;\">CONTACTEZ-NOUS<\/h1>\n<p style=\"text-align: center;\">Il suffit de remplir le formulaire ci-dessous et de l'envoyer.<\/p>\n<p style=\"text-align: center;\">Nous te contacterons d\u00e8s que possible.<\/p>\n\r\n\t\t<\/div>\r\n\t<\/div>\r\n<\/div><\/div><\/div><\/div><div class=\"vc_row wpb_row vc_row-fluid inner_container\"><div class=\"wpb_column vc_column_container vc_col-sm-4\"><div class=\"vc_column-inner\"><div class=\"wpb_wrapper\">\r\n\t<div class=\"wpb_raw_code wpb_content_element wpb_raw_html\" >\r\n\t\t<div class=\"wpb_wrapper\">\r\n\t\t\t&amp;nbsp\r\n\t\t<\/div>\r\n\t<\/div>\r\n<\/div><\/div><\/div><div class=\"wpb_column vc_column_container vc_col-sm-4\"><div class=\"vc_column-inner\"><div class=\"wpb_wrapper\">\r\n\t<div class=\"wpb_raw_code wpb_content_element wpb_raw_html\" >\r\n\t\t<div class=\"wpb_wrapper\">\r\n\t\t\t\n<div class=\"wpcf7 no-js\" id=\"wpcf7-f5376-o1\" lang=\"de-DE\" dir=\"ltr\">\n<div class=\"screen-reader-response\"><p role=\"status\" aria-live=\"polite\" aria-atomic=\"true\"><\/p> <ul><\/ul><\/div>\n<form action=\"\/fr\/wp-json\/wp\/v2\/pages\/3047#wpcf7-f5376-o1\" method=\"post\" class=\"wpcf7-form init\" aria-label=\"Formulaire de contact\" novalidate=\"novalidate\" data-status=\"init\" data-trp-original-action=\"\/fr\/wp-json\/wp\/v2\/pages\/3047#wpcf7-f5376-o1\">\n<div style=\"display: none;\">\n<input type=\"hidden\" name=\"_wpcf7\" value=\"5376\" \/>\n<input type=\"hidden\" name=\"_wpcf7_version\" value=\"5.9.8\" \/>\n<input type=\"hidden\" name=\"_wpcf7_locale\" value=\"de_DE\" \/>\n<input type=\"hidden\" name=\"_wpcf7_unit_tag\" value=\"wpcf7-f5376-o1\" \/>\n<input type=\"hidden\" name=\"_wpcf7_container_post\" value=\"0\" \/>\n<input type=\"hidden\" name=\"_wpcf7_posted_data_hash\" value=\"\" \/>\n<\/div>\n<p><label> Votre nom (champ obligatoire)<br \/>\n<span class=\"wpcf7-form-control-wrap\" data-name=\"your-name\"><input size=\"40\" maxlength=\"400\" class=\"wpcf7-form-control wpcf7-text wpcf7-validates-as-required\" aria-required=\"true\" aria-invalid=\"false\" value=\"\" type=\"text\" name=\"your-name\" \/><\/span> <\/label>\n<\/p>\n<p><label> Votre adresse e-mail (champ obligatoire)<br \/>\n<span class=\"wpcf7-form-control-wrap\" data-name=\"your-email\"><input size=\"40\" maxlength=\"400\" class=\"wpcf7-form-control wpcf7-email wpcf7-validates-as-required wpcf7-text wpcf7-validates-as-email\" aria-required=\"true\" aria-invalid=\"false\" value=\"\" type=\"email\" name=\"your-email\" \/><\/span> <\/label>\n<\/p>\n<p>Comment pouvons-nous vous aider (plusieurs r\u00e9ponses possibles) ?\n<\/p>\n<p><span class=\"wpcf7-form-control-wrap\" data-name=\"checkbox-494\"><span class=\"wpcf7-form-control wpcf7-checkbox\"><span class=\"wpcf7-list-item first last\"><label><input type=\"checkbox\" name=\"checkbox-494[]\" value=\"Ich m\u00f6chte eine Anfrage f\u00fcr eine Hallenplatzbuchung stellen\" \/><span class=\"wpcf7-list-item-label\">Je souhaite faire une demande de r\u00e9servation de place en salle<\/span><\/label><\/span><\/span><\/span><br \/>\n<span class=\"wpcf7-form-control-wrap\" data-name=\"checkbox-495\"><span class=\"wpcf7-form-control wpcf7-checkbox\"><span class=\"wpcf7-list-item first last\"><label><input type=\"checkbox\" name=\"checkbox-495[]\" value=\"Ich habe ein allgemeines Anliegen oder eine allgemeine Frage\" \/><span class=\"wpcf7-list-item-label\">J'ai un souci ou une question d'ordre g\u00e9n\u00e9ral<\/span><\/label><\/span><\/span><\/span>\n<\/p>\n<p><label> Si disponible, merci d'indiquer un num\u00e9ro de t\u00e9l\u00e9phone o\u00f9 nous pouvons vous joindre : <span class=\"wpcf7-form-control-wrap\" data-name=\"your-number\"><input size=\"40\" maxlength=\"400\" class=\"wpcf7-form-control wpcf7-text\" aria-invalid=\"false\" value=\"\" type=\"text\" name=\"your-number\" \/><\/span> <\/label>\n<\/p>\n<p><label> Votre message\/demande :<br \/>\n<span class=\"wpcf7-form-control-wrap\" data-name=\"your-message\"><textarea cols=\"40\" rows=\"10\" maxlength=\"2000\" class=\"wpcf7-form-control wpcf7-textarea\" aria-invalid=\"false\" name=\"your-message\"><\/textarea><\/span> <\/label>\n<\/p>\n<p><input class=\"wpcf7-form-control wpcf7-submit has-spinner\" type=\"submit\" value=\"Envoyer\" \/>\n<\/p>\n<p><span id=\"wpcf7-69e154b245027-wrapper\" class=\"wpcf7-form-control-wrap emailwebsite-wrap\" style=\"display:none !important; visibility:hidden !important;\"><label for=\"wpcf7-69e154b245027-field\" class=\"hp-message\">Veuillez laisser ce champ vide.<\/label><input id=\"wpcf7-69e154b245027-field\"  class=\"wpcf7-form-control wpcf7-text\" type=\"text\" name=\"emailwebsite\" value=\"\" size=\"40\" tabindex=\"-1\" autocomplete=\"new-password\" \/><\/span>\n<\/p><div class=\"wpcf7-response-output\" aria-hidden=\"true\"><\/div>\n<input type=\"hidden\" name=\"trp-form-language\" value=\"fr\"\/><\/form>\n<\/div>\n\r\n\t\t<\/div>\r\n\t<\/div>\r\n<\/div><\/div><\/div><div class=\"wpb_column vc_column_container vc_col-sm-4\"><div class=\"vc_column-inner\"><div class=\"wpb_wrapper\"><\/div><\/div><\/div><\/div>\n<\/div>","protected":false},"excerpt":{"rendered":"NEHME BITTE KONTAKT MIT UNS AUF Einfach das unten stehende Formular ausf\u00fcllen und abschicken. Wir werden uns so schnell wie m\u00f6glich mit Dir in Verbindung setzen. &nbsp Ihr Name (Pflichtfeld) Ihre E-Mail-Adresse (Pflichtfeld) Wie k\u00f6nnen wir Ihnen weiterhelfen (Mehrfachnennung m\u00f6glich)? Ich m\u00f6chte eine Anfrage f\u00fcr eine Hallenplatzbuchung stellen Ich habe ein allgemeines Anliegen oder eine allgemeine Frage Falls vorhanden, bitte ... <a href=\"https:\/\/www.tcgruenweissreckenfeld.de\/fr\/kontakt\" class=\"more-link\">Lire la suite<\/a>","protected":false},"author":1,"featured_media":5988,"parent":0,"menu_order":0,"comment_status":"closed","ping_status":"closed","template":"template-blank-4.php","meta":{"footnotes":""},"class_list":["post-3047","page","type-page","status-publish","has-post-thumbnail","hentry"],"yoast_head":"<!-- This site is optimized with the Yoast SEO plugin v23.1 - https:\/\/yoast.com\/wordpress\/plugins\/seo\/ -->\n<title>Kontakt - TC Gr\u00fcn-Weiss Reckenfeld<\/title>\n<meta name=\"description\" content=\"Kontakt: TC Gr\u00fcn-Weiss Reckenfeld: Tennis im Raum Greven, M\u00fcnster mit Mannschaften f\u00fcr Damen, Herren, Jugend, Junioren und Kinder\" \/>\n<meta name=\"robots\" content=\"index, follow, max-snippet:-1, max-image-preview:large, max-video-preview:-1\" \/>\n<link rel=\"canonical\" href=\"https:\/\/www.tcgruenweissreckenfeld.de\/fr\/kontakt\/\" \/>\n<meta property=\"og:locale\" content=\"fr_FR\" \/>\n<meta property=\"og:type\" content=\"article\" \/>\n<meta property=\"og:title\" content=\"Kontakt - TC Gr\u00fcn-Weiss Reckenfeld\" \/>\n<meta property=\"og:description\" content=\"Kontakt: TC Gr\u00fcn-Weiss Reckenfeld: Tennis im Raum Greven, M\u00fcnster mit Mannschaften f\u00fcr Damen, Herren, Jugend, Junioren und Kinder\" \/>\n<meta property=\"og:url\" content=\"https:\/\/www.tcgruenweissreckenfeld.de\/fr\/kontakt\/\" \/>\n<meta property=\"og:site_name\" content=\"www.tcgruenweissreckenfeld.de\" \/>\n<meta property=\"article:modified_time\" content=\"2024-08-03T15:22:29+00:00\" \/>\n<meta property=\"og:image\" content=\"https:\/\/www.tcgruenweissreckenfeld.de\/wp-content\/uploads\/startseite_800_600.jpg\" \/>\n\t<meta property=\"og:image:width\" content=\"800\" \/>\n\t<meta property=\"og:image:height\" content=\"600\" \/>\n\t<meta property=\"og:image:type\" content=\"image\/jpeg\" \/>\n<meta name=\"twitter:card\" content=\"summary_large_image\" \/>\n<meta name=\"twitter:label1\" content=\"Dur\u00e9e de lecture estim\u00e9e\" \/>\n\t<meta name=\"twitter:data1\" content=\"1 minute\" \/>\n<script type=\"application\/ld+json\" class=\"yoast-schema-graph\">{\"@context\":\"https:\/\/schema.org\",\"@graph\":[{\"@type\":\"WebPage\",\"@id\":\"https:\/\/www.tcgruenweissreckenfeld.de\/kontakt\",\"url\":\"https:\/\/www.tcgruenweissreckenfeld.de\/kontakt\",\"name\":\"Kontakt - TC Gr\u00fcn-Weiss Reckenfeld\",\"isPartOf\":{\"@id\":\"https:\/\/www.tcgruenweissreckenfeld.de\/#website\"},\"primaryImageOfPage\":{\"@id\":\"https:\/\/www.tcgruenweissreckenfeld.de\/kontakt#primaryimage\"},\"image\":{\"@id\":\"https:\/\/www.tcgruenweissreckenfeld.de\/kontakt#primaryimage\"},\"thumbnailUrl\":\"https:\/\/www.tcgruenweissreckenfeld.de\/wp-content\/uploads\/startseite_800_600.jpg\",\"datePublished\":\"2020-03-14T14:31:03+00:00\",\"dateModified\":\"2024-08-03T15:22:29+00:00\",\"description\":\"Kontakt: TC Gr\u00fcn-Weiss Reckenfeld: Tennis im Raum Greven, M\u00fcnster mit Mannschaften f\u00fcr Damen, Herren, Jugend, Junioren und Kinder\",\"inLanguage\":\"fr-FR\",\"potentialAction\":[{\"@type\":\"ReadAction\",\"target\":[\"https:\/\/www.tcgruenweissreckenfeld.de\/kontakt\"]}]},{\"@type\":\"ImageObject\",\"inLanguage\":\"fr-FR\",\"@id\":\"https:\/\/www.tcgruenweissreckenfeld.de\/kontakt#primaryimage\",\"url\":\"https:\/\/www.tcgruenweissreckenfeld.de\/wp-content\/uploads\/startseite_800_600.jpg\",\"contentUrl\":\"https:\/\/www.tcgruenweissreckenfeld.de\/wp-content\/uploads\/startseite_800_600.jpg\",\"width\":800,\"height\":600,\"caption\":\"TC Gr\u00fcn-Weiss Reckenfeld: Tennis und Tennishalle im Raum Greven, M\u00fcnster mit Mannschaften f\u00fcr Damen, Herren, Jugend, Junioren und Kinder\"},{\"@type\":\"WebSite\",\"@id\":\"https:\/\/www.tcgruenweissreckenfeld.de\/#website\",\"url\":\"https:\/\/www.tcgruenweissreckenfeld.de\/\",\"name\":\"www.tcgruenweissreckenfeld.de\",\"description\":\"www.tcgruenweissreckenfeld.de\",\"potentialAction\":[{\"@type\":\"SearchAction\",\"target\":{\"@type\":\"EntryPoint\",\"urlTemplate\":\"https:\/\/www.tcgruenweissreckenfeld.de\/?s={search_term_string}\"},\"query-input\":\"required name=search_term_string\"}],\"inLanguage\":\"fr-FR\"}]}<\/script>\n<!-- \/ Yoast SEO plugin. -->","yoast_head_json":{"title":"Kontakt - TC Gr\u00fcn-Weiss Reckenfeld","description":"Kontakt: TC Gr\u00fcn-Weiss Reckenfeld: Tennis im Raum Greven, M\u00fcnster mit Mannschaften f\u00fcr Damen, Herren, Jugend, Junioren und Kinder","robots":{"index":"index","follow":"follow","max-snippet":"max-snippet:-1","max-image-preview":"max-image-preview:large","max-video-preview":"max-video-preview:-1"},"canonical":"https:\/\/www.tcgruenweissreckenfeld.de\/fr\/kontakt\/","og_locale":"fr_FR","og_type":"article","og_title":"Kontakt - TC Gr\u00fcn-Weiss Reckenfeld","og_description":"Kontakt: TC Gr\u00fcn-Weiss Reckenfeld: Tennis im Raum Greven, M\u00fcnster mit Mannschaften f\u00fcr Damen, Herren, Jugend, Junioren und Kinder","og_url":"https:\/\/www.tcgruenweissreckenfeld.de\/fr\/kontakt\/","og_site_name":"www.tcgruenweissreckenfeld.de","article_modified_time":"2024-08-03T15:22:29+00:00","og_image":[{"width":800,"height":600,"url":"https:\/\/www.tcgruenweissreckenfeld.de\/wp-content\/uploads\/startseite_800_600.jpg","type":"image\/jpeg"}],"twitter_card":"summary_large_image","twitter_misc":{"Dur\u00e9e de lecture estim\u00e9e":"1 minute"},"schema":{"@context":"https:\/\/schema.org","@graph":[{"@type":"WebPage","@id":"https:\/\/www.tcgruenweissreckenfeld.de\/kontakt","url":"https:\/\/www.tcgruenweissreckenfeld.de\/kontakt","name":"Kontakt - TC Gr\u00fcn-Weiss Reckenfeld","isPartOf":{"@id":"https:\/\/www.tcgruenweissreckenfeld.de\/#website"},"primaryImageOfPage":{"@id":"https:\/\/www.tcgruenweissreckenfeld.de\/kontakt#primaryimage"},"image":{"@id":"https:\/\/www.tcgruenweissreckenfeld.de\/kontakt#primaryimage"},"thumbnailUrl":"https:\/\/www.tcgruenweissreckenfeld.de\/wp-content\/uploads\/startseite_800_600.jpg","datePublished":"2020-03-14T14:31:03+00:00","dateModified":"2024-08-03T15:22:29+00:00","description":"Kontakt: TC Gr\u00fcn-Weiss Reckenfeld: Tennis im Raum Greven, M\u00fcnster mit Mannschaften f\u00fcr Damen, Herren, Jugend, Junioren und Kinder","inLanguage":"fr-FR","potentialAction":[{"@type":"ReadAction","target":["https:\/\/www.tcgruenweissreckenfeld.de\/kontakt"]}]},{"@type":"ImageObject","inLanguage":"fr-FR","@id":"https:\/\/www.tcgruenweissreckenfeld.de\/kontakt#primaryimage","url":"https:\/\/www.tcgruenweissreckenfeld.de\/wp-content\/uploads\/startseite_800_600.jpg","contentUrl":"https:\/\/www.tcgruenweissreckenfeld.de\/wp-content\/uploads\/startseite_800_600.jpg","width":800,"height":600,"caption":"TC Gr\u00fcn-Weiss Reckenfeld: Tennis und Tennishalle im Raum Greven, M\u00fcnster mit Mannschaften f\u00fcr Damen, Herren, Jugend, Junioren und Kinder"},{"@type":"WebSite","@id":"https:\/\/www.tcgruenweissreckenfeld.de\/#website","url":"https:\/\/www.tcgruenweissreckenfeld.de\/","name":"www.tcgruenweissreckenfeld.de","description":"www.tcgruenweissreckenfeld.de","potentialAction":[{"@type":"SearchAction","target":{"@type":"EntryPoint","urlTemplate":"https:\/\/www.tcgruenweissreckenfeld.de\/?s={search_term_string}"},"query-input":"required name=search_term_string"}],"inLanguage":"fr-FR"}]}},"_links":{"self":[{"href":"https:\/\/www.tcgruenweissreckenfeld.de\/fr\/wp-json\/wp\/v2\/pages\/3047"}],"collection":[{"href":"https:\/\/www.tcgruenweissreckenfeld.de\/fr\/wp-json\/wp\/v2\/pages"}],"about":[{"href":"https:\/\/www.tcgruenweissreckenfeld.de\/fr\/wp-json\/wp\/v2\/types\/page"}],"author":[{"embeddable":true,"href":"https:\/\/www.tcgruenweissreckenfeld.de\/fr\/wp-json\/wp\/v2\/users\/1"}],"replies":[{"embeddable":true,"href":"https:\/\/www.tcgruenweissreckenfeld.de\/fr\/wp-json\/wp\/v2\/comments?post=3047"}],"version-history":[{"count":5,"href":"https:\/\/www.tcgruenweissreckenfeld.de\/fr\/wp-json\/wp\/v2\/pages\/3047\/revisions"}],"predecessor-version":[{"id":6208,"href":"https:\/\/www.tcgruenweissreckenfeld.de\/fr\/wp-json\/wp\/v2\/pages\/3047\/revisions\/6208"}],"wp:featuredmedia":[{"embeddable":true,"href":"https:\/\/www.tcgruenweissreckenfeld.de\/fr\/wp-json\/wp\/v2\/media\/5988"}],"wp:attachment":[{"href":"https:\/\/www.tcgruenweissreckenfeld.de\/fr\/wp-json\/wp\/v2\/media?parent=3047"}],"curies":[{"name":"wp","href":"https:\/\/api.w.org\/{rel}","templated":true}]}}