{"id":6093,"date":"2024-07-27T05:49:18","date_gmt":"2024-07-27T05:49:18","guid":{"rendered":"https:\/\/www.tcgruenweissreckenfeld.de\/?page_id=6093"},"modified":"2026-04-06T14:34:46","modified_gmt":"2026-04-06T14:34:46","slug":"tennishalle","status":"publish","type":"page","link":"https:\/\/www.tcgruenweissreckenfeld.de\/tr\/tennishalle","title":{"rendered":"Kapal\u0131 tenis merkezimiz"},"content":{"rendered":"<div class=\"wpb-content-wrapper\"><div class=\"vc_row wpb_row vc_row-fluid inner_container desktop-visible cneo-head vc_custom_1722062188051 vc_row-has-fill vc_rtl-columns-reverse vc_row-o-content-middle vc_row-flex\"><div class=\"wpb_column vc_column_container vc_col-sm-3\/5\"><div class=\"vc_column-inner vc_custom_1581831845353\"><div class=\"wpb_wrapper\"><\/div><\/div><\/div><\/div><div class=\"vc_row wpb_row vc_row-fluid mobile-invisible cneo-head\"><div class=\"wpb_column vc_column_container vc_col-sm-12\"><div class=\"vc_column-inner\"><div class=\"wpb_wrapper\">\r\n\t<div  class=\"wpb_single_image wpb_content_element vc_align_left\">\r\n\t\t\r\n\t\t<figure class=\"wpb_wrapper vc_figure\">\r\n\t\t\t<div class=\"vc_single_image-wrapper   vc_box_border_grey\"><img loading=\"lazy\" decoding=\"async\" width=\"800\" height=\"600\" src=\"https:\/\/www.tcgruenweissreckenfeld.de\/wp-content\/uploads\/tennishalle_hr_800_600.jpg\" class=\"vc_single_image-img attachment-full\" alt=\"\" title=\"tennishalle_hr_800_600\" srcset=\"https:\/\/www.tcgruenweissreckenfeld.de\/wp-content\/uploads\/tennishalle_hr_800_600.jpg 800w, https:\/\/www.tcgruenweissreckenfeld.de\/wp-content\/uploads\/tennishalle_hr_800_600-300x225.jpg 300w, https:\/\/www.tcgruenweissreckenfeld.de\/wp-content\/uploads\/tennishalle_hr_800_600-768x576.jpg 768w, https:\/\/www.tcgruenweissreckenfeld.de\/wp-content\/uploads\/tennishalle_hr_800_600-16x12.jpg 16w, https:\/\/www.tcgruenweissreckenfeld.de\/wp-content\/uploads\/tennishalle_hr_800_600-100x75.jpg 100w\" sizes=\"(max-width: 800px) 100vw, 800px\" \/><\/div>\r\n\t\t<\/figure>\r\n\t<\/div>\r\n<\/div><\/div><\/div><\/div><div class=\"vc_row wpb_row vc_row-fluid inner_container vc_custom_1722160254871 vc_row-has-fill vc_row-o-content-middle vc_row-flex\"><div class=\"inner_container_fixed wpb_column vc_column_container vc_col-sm-12\"><div class=\"vc_column-inner\"><div class=\"wpb_wrapper\">\r\n\t<div class=\"wpb_text_column wpb_content_element  inner_container_fixed\" >\r\n\t\t<div class=\"wpb_wrapper\">\r\n\t\t\t<p style=\"text-align: center;\">Auch als Nicht-Vereinsmitglied kann man einen freien Tennisplatz in der Halle jederzeit \u00fcber unser Online-System\u00a0 buchen.<\/p>\n\r\n\t\t<\/div>\r\n\t<\/div>\r\n\r\n\t<div class=\"wpb_text_column wpb_content_element  vc_custom_1758876023583 inner_container_fixed\" >\r\n\t\t<div class=\"wpb_wrapper\">\r\n\t\t\t<h1 style=\"text-align: center;\">TENNISHALLE<\/h1>\n<h1 style=\"text-align: center;\"><a href=\"https:\/\/www.tcgruenweissreckenfeld.de\/wp-content\/uploads\/Hallenbelegung-2024-2025-.htm\">Hallenbelegung 2025 2026<\/a><\/h1>\n\r\n\t\t<\/div>\r\n\t<\/div>\r\n<\/div><\/div><\/div><\/div><div class=\"vc_row wpb_row vc_row-fluid inner_container vc_row-o-content-middle vc_row-flex\"><div class=\"wpb_column vc_column_container vc_col-sm-12\"><div class=\"vc_column-inner\"><div class=\"wpb_wrapper\"><div class=\"vc_row wpb_row vc_inner vc_row-fluid\"><div class=\"wpb_column vc_column_container vc_col-sm-4\"><div class=\"vc_column-inner\"><div class=\"wpb_wrapper\">\r\n\t<div class=\"wpb_raw_code wpb_content_element wpb_raw_html\" >\r\n\t\t<div class=\"wpb_wrapper\">\r\n\t\t\t&amp;nbsp\r\n\t\t<\/div>\r\n\t<\/div>\r\n<\/div><\/div><\/div><div class=\"wpb_column vc_column_container vc_col-sm-4\"><div class=\"vc_column-inner\"><div class=\"wpb_wrapper\">\r\n\t<div  class=\"wpb_single_image wpb_content_element vc_align_center\">\r\n\t\t\r\n\t\t<figure class=\"wpb_wrapper vc_figure\">\r\n\t\t\t<a href=\"https:\/\/tcgruenweissreckenfeld.tennis-platz-buchen.de\/\" target=\"_self\" class=\"vc_single_image-wrapper   vc_box_border_grey\"><img loading=\"lazy\" decoding=\"async\" width=\"1265\" height=\"236\" src=\"https:\/\/www.tcgruenweissreckenfeld.de\/wp-content\/uploads\/tennishalle_online_buchen.jpg\" class=\"vc_single_image-img attachment-full\" alt=\"\" title=\"tennishalle_online_buchen\" srcset=\"https:\/\/www.tcgruenweissreckenfeld.de\/wp-content\/uploads\/tennishalle_online_buchen.jpg 1265w, https:\/\/www.tcgruenweissreckenfeld.de\/wp-content\/uploads\/tennishalle_online_buchen-300x56.jpg 300w, https:\/\/www.tcgruenweissreckenfeld.de\/wp-content\/uploads\/tennishalle_online_buchen-1024x191.jpg 1024w, https:\/\/www.tcgruenweissreckenfeld.de\/wp-content\/uploads\/tennishalle_online_buchen-768x143.jpg 768w, https:\/\/www.tcgruenweissreckenfeld.de\/wp-content\/uploads\/tennishalle_online_buchen-18x3.jpg 18w, https:\/\/www.tcgruenweissreckenfeld.de\/wp-content\/uploads\/tennishalle_online_buchen-100x19.jpg 100w, https:\/\/www.tcgruenweissreckenfeld.de\/wp-content\/uploads\/tennishalle_online_buchen-846x158.jpg 846w, https:\/\/www.tcgruenweissreckenfeld.de\/wp-content\/uploads\/tennishalle_online_buchen-1184x221.jpg 1184w\" sizes=\"(max-width: 1265px) 100vw, 1265px\" \/><\/a>\r\n\t\t<\/figure>\r\n\t<\/div>\r\n<\/div><\/div><\/div><div class=\"wpb_column vc_column_container vc_col-sm-4\"><div class=\"vc_column-inner\"><div class=\"wpb_wrapper\"><\/div><\/div><\/div><\/div><div class=\"vc_empty_space\"   style=\"height: 32px\"><span class=\"vc_empty_space_inner\"><\/span><\/div><\/div><\/div><\/div><\/div><div class=\"vc_row wpb_row vc_row-fluid inner_container vc_custom_1722059908455 vc_row-has-fill vc_column-gap-25 vc_row-o-content-middle vc_row-flex\"><div class=\"wpb_column vc_column_container vc_col-sm-12\"><div class=\"vc_column-inner\"><div class=\"wpb_wrapper\">\r\n\t<div class=\"wpb_text_column wpb_content_element\" >\r\n\t\t<div class=\"wpb_wrapper\">\r\n\t\t\t<h2 style=\"text-align: center;\">HALLENPLATZMIETE<\/h2>\n<p style=\"text-align: center;\">Hallengeb\u00fchren g\u00fcltig ab 1. Oktober 2023<\/p>\n\r\n\t\t<\/div>\r\n\t<\/div>\r\n<div class=\"vc_row wpb_row vc_inner vc_row-fluid\"><div class=\"wpb_column vc_column_container vc_col-sm-4\"><div class=\"vc_column-inner\"><div class=\"wpb_wrapper\">\r\n\t<div class=\"wpb_raw_code wpb_content_element wpb_raw_html\" >\r\n\t\t<div class=\"wpb_wrapper\">\r\n\t\t\t&amp;nbsp\r\n\t\t<\/div>\r\n\t<\/div>\r\n<\/div><\/div><\/div><div class=\"wpb_column vc_column_container vc_col-sm-4\"><div class=\"vc_column-inner\"><div class=\"wpb_wrapper\">\r\n\t<div  class=\"wpb_single_image wpb_content_element vc_align_left\">\r\n\t\t\r\n\t\t<figure class=\"wpb_wrapper vc_figure\">\r\n\t\t\t<div class=\"vc_single_image-wrapper   vc_box_border_grey\"><img loading=\"lazy\" decoding=\"async\" width=\"977\" height=\"507\" src=\"https:\/\/www.tcgruenweissreckenfeld.de\/wp-content\/uploads\/hallenmiete.jpg\" class=\"vc_single_image-img attachment-full\" alt=\"TC Gr\u00fcn-Weiss Reckenfeld: Greven, M\u00fcnster b\u00f6lgesinde kad\u0131nlar, erkekler, gen\u00e7ler, k\u00fc\u00e7\u00fckler ve \u00e7ocuklar i\u00e7in tak\u0131mlar\u0131n bulundu\u011fu tenis ve kapal\u0131 tenis merkezi\" title=\"hallenmiete\" srcset=\"https:\/\/www.tcgruenweissreckenfeld.de\/wp-content\/uploads\/hallenmiete.jpg 977w, https:\/\/www.tcgruenweissreckenfeld.de\/wp-content\/uploads\/hallenmiete-300x156.jpg 300w, https:\/\/www.tcgruenweissreckenfeld.de\/wp-content\/uploads\/hallenmiete-768x399.jpg 768w, https:\/\/www.tcgruenweissreckenfeld.de\/wp-content\/uploads\/hallenmiete-18x9.jpg 18w, https:\/\/www.tcgruenweissreckenfeld.de\/wp-content\/uploads\/hallenmiete-100x52.jpg 100w, https:\/\/www.tcgruenweissreckenfeld.de\/wp-content\/uploads\/hallenmiete-846x439.jpg 846w\" sizes=\"(max-width: 977px) 100vw, 977px\" \/><\/div>\r\n\t\t<\/figure>\r\n\t<\/div>\r\n<\/div><\/div><\/div><div class=\"wpb_column vc_column_container vc_col-sm-4\"><div class=\"vc_column-inner\"><div class=\"wpb_wrapper\">\r\n\t<div  class=\"wpb_single_image wpb_content_element vc_align_right\">\r\n\t\t\r\n\t\t<figure class=\"wpb_wrapper vc_figure\">\r\n\t\t\t<div class=\"vc_single_image-wrapper   vc_box_border_grey\"><img loading=\"lazy\" decoding=\"async\" width=\"2560\" height=\"1810\" src=\"https:\/\/www.tcgruenweissreckenfeld.de\/wp-content\/uploads\/Hallenplan-2026-scaled.jpg\" class=\"vc_single_image-img attachment-full\" alt=\"\" title=\"Hallenplan 2026\" srcset=\"https:\/\/www.tcgruenweissreckenfeld.de\/wp-content\/uploads\/Hallenplan-2026-scaled.jpg 2560w, https:\/\/www.tcgruenweissreckenfeld.de\/wp-content\/uploads\/Hallenplan-2026-300x212.jpg 300w, https:\/\/www.tcgruenweissreckenfeld.de\/wp-content\/uploads\/Hallenplan-2026-1024x724.jpg 1024w, https:\/\/www.tcgruenweissreckenfeld.de\/wp-content\/uploads\/Hallenplan-2026-768x543.jpg 768w, https:\/\/www.tcgruenweissreckenfeld.de\/wp-content\/uploads\/Hallenplan-2026-1536x1086.jpg 1536w, https:\/\/www.tcgruenweissreckenfeld.de\/wp-content\/uploads\/Hallenplan-2026-2048x1448.jpg 2048w, https:\/\/www.tcgruenweissreckenfeld.de\/wp-content\/uploads\/Hallenplan-2026-18x12.jpg 18w, https:\/\/www.tcgruenweissreckenfeld.de\/wp-content\/uploads\/Hallenplan-2026-100x71.jpg 100w, https:\/\/www.tcgruenweissreckenfeld.de\/wp-content\/uploads\/Hallenplan-2026-846x598.jpg 846w, https:\/\/www.tcgruenweissreckenfeld.de\/wp-content\/uploads\/Hallenplan-2026-1184x837.jpg 1184w\" sizes=\"(max-width: 2560px) 100vw, 2560px\" \/><\/div>\r\n\t\t<\/figure>\r\n\t<\/div>\r\n<\/div><\/div><\/div><\/div><\/div><\/div><\/div><\/div><div class=\"vc_row wpb_row vc_row-fluid inner_container vc_row-o-content-top vc_row-flex\"><div class=\"wpb_column vc_column_container vc_col-sm-12\"><div class=\"vc_column-inner\"><div class=\"wpb_wrapper\">\r\n\t<div class=\"wpb_text_column wpb_content_element\" >\r\n\t\t<div class=\"wpb_wrapper\">\r\n\t\t\t\r\n\t\t<\/div>\r\n\t<\/div>\r\n<div class=\"vc_row wpb_row vc_inner vc_row-fluid inner_container_fixed vc_column-gap-20\"><div class=\"wpb_column vc_column_container vc_col-sm-6\"><div class=\"vc_column-inner\"><div class=\"wpb_wrapper\">\r\n\t<div  class=\"wpb_single_image wpb_content_element vc_align_left\">\r\n\t\t\r\n\t\t<figure class=\"wpb_wrapper vc_figure\">\r\n\t\t\t<a href=\"https:\/\/www.tcgruenweissreckenfeld.de\/tr\/kontakt\/\" target=\"_self\" class=\"vc_single_image-wrapper   vc_box_border_grey\"><img loading=\"lazy\" decoding=\"async\" width=\"800\" height=\"600\" src=\"https:\/\/www.tcgruenweissreckenfeld.de\/wp-content\/uploads\/buchungsanfrage_800_600.jpg\" class=\"vc_single_image-img attachment-full\" alt=\"TC Gr\u00fcn-Weiss Reckenfeld: Greven, M\u00fcnster b\u00f6lgesinde kad\u0131nlar, erkekler, gen\u00e7ler, k\u00fc\u00e7\u00fckler ve \u00e7ocuklar i\u00e7in tak\u0131mlar\u0131n bulundu\u011fu tenis ve kapal\u0131 tenis merkezi\" title=\"Freitag der 13\" srcset=\"https:\/\/www.tcgruenweissreckenfeld.de\/wp-content\/uploads\/buchungsanfrage_800_600.jpg 800w, https:\/\/www.tcgruenweissreckenfeld.de\/wp-content\/uploads\/buchungsanfrage_800_600-300x225.jpg 300w, https:\/\/www.tcgruenweissreckenfeld.de\/wp-content\/uploads\/buchungsanfrage_800_600-768x576.jpg 768w, https:\/\/www.tcgruenweissreckenfeld.de\/wp-content\/uploads\/buchungsanfrage_800_600-16x12.jpg 16w, https:\/\/www.tcgruenweissreckenfeld.de\/wp-content\/uploads\/buchungsanfrage_800_600-100x75.jpg 100w\" sizes=\"(max-width: 800px) 100vw, 800px\" \/><\/a>\r\n\t\t<\/figure>\r\n\t<\/div>\r\n<\/div><\/div><\/div><div class=\"wpb_column vc_column_container vc_col-sm-6\"><div class=\"vc_column-inner\"><div class=\"wpb_wrapper\">\r\n\t<div class=\"wpb_text_column wpb_content_element\" >\r\n\t\t<div class=\"wpb_wrapper\">\r\n\t\t\t<h2>BUCHUNGSANFRAGE<\/h2>\n<h2>Schnell und bequem einen Platz online \u00fcber unser Buchungssystem buchen. Bei Fragen zur Hallenbuchung bzw. Buchung unserer Tennishalle &#8211; nur Saisonbuchungen-\u00a0 bitte an:<\/h2>\n<p>Herr Herbert Inkmann<br \/>\nTelefon: 015228799957<br \/>\nMail: info@tcgruenweissreckenfeld<a href=\"https:\/\/www.tcgruenweissreckenfeld.de\/tr\/mannschaften\/\">.<\/a>de<\/p>\n<p>Wir werden die Anfragen schnellst m\u00f6glich bearbeiten.<\/p>\n<p>Man kann aber auch die Buchungsanfrage ganz einfach \u00fcber unser Kontaktformular an uns schicken.<\/p>\n<a  class=\"x-btn x-btn-block\"  href=\"https:\/\/www.tcgruenweissreckenfeld.de\/tr\/kontakt\/\"     data-options=\"thumbnail: ''\">Zum Kontaktformular<\/a>\n\r\n\t\t<\/div>\r\n\t<\/div>\r\n<\/div><\/div><\/div><\/div><\/div><\/div><\/div><div class=\"wpb_column vc_column_container vc_col-sm-12\"><div class=\"vc_column-inner\"><div class=\"wpb_wrapper\"><\/div><\/div><\/div><div class=\"wpb_column vc_column_container vc_col-sm-12\"><div class=\"vc_column-inner\"><div class=\"wpb_wrapper\"><\/div><\/div><\/div><div class=\"wpb_column vc_column_container vc_col-sm-12\"><div class=\"vc_column-inner\"><div class=\"wpb_wrapper\"><\/div><\/div><\/div><\/div><div class=\"vc_row wpb_row vc_row-fluid inner_container vc_custom_1722077383397 vc_row-has-fill vc_row-o-content-top vc_row-flex\"><div class=\"wpb_column vc_column_container vc_col-sm-12\"><div class=\"vc_column-inner\"><div class=\"wpb_wrapper\">\r\n\t<div class=\"wpb_text_column wpb_content_element\" >\r\n\t\t<div class=\"wpb_wrapper\">\r\n\t\t\t\r\n\t\t<\/div>\r\n\t<\/div>\r\n<\/div><\/div><\/div><\/div><div class=\"vc_row wpb_row vc_row-fluid inner_container vc_row-o-content-top vc_row-flex\"><div class=\"wpb_column vc_column_container vc_col-sm-12\"><div class=\"vc_column-inner\"><div class=\"wpb_wrapper\">\r\n\t<div class=\"wpb_text_column wpb_content_element\" >\r\n\t\t<div class=\"wpb_wrapper\">\r\n\t\t\t\r\n\t\t<\/div>\r\n\t<\/div>\r\n<\/div><\/div><\/div><\/div>\n<\/div>","protected":false},"excerpt":{"rendered":"Auch als Nicht-Vereinsmitglied kann man einen freien Tennisplatz in der Halle jederzeit \u00fcber unser Online-System\u00a0 buchen. TENNISHALLE Hallenbelegung 2025 2026 &nbsp HALLENPLATZMIETE Hallengeb\u00fchren g\u00fcltig ab 1. Oktober 2023 &nbsp BUCHUNGSANFRAGE Schnell und bequem einen Platz online \u00fcber unser Buchungssystem buchen. Bei Fragen zur Hallenbuchung bzw. Buchung unserer Tennishalle - nur Saisonbuchungen-\u00a0 bitte an: Herr Herbert Inkmann Telefon: 015228799957 Mail: info@tcgruenweissreckenfeld.de ... <a href=\"https:\/\/www.tcgruenweissreckenfeld.de\/tr\/tennishalle\" class=\"more-link\">Read More<\/a>","protected":false},"author":1,"featured_media":0,"parent":0,"menu_order":0,"comment_status":"closed","ping_status":"closed","template":"template-blank-4.php","meta":{"footnotes":""},"class_list":["post-6093","page","type-page","status-publish","hentry","no-post-thumbnail"],"yoast_head":"<!-- This site is optimized with the Yoast SEO plugin v23.1 - https:\/\/yoast.com\/wordpress\/plugins\/seo\/ -->\n<title>Tennishalle - TC Gr\u00fcn-Weiss Reckenfeld<\/title>\n<meta name=\"description\" content=\"Tennishalle: TC Gr\u00fcn-Weiss Reckenfeld: Tennis im Raum Greven, M\u00fcnster mit Mannschaften f\u00fcr Damen, Herren, Jugend, Junioren und Kinder\" \/>\n<meta name=\"robots\" content=\"index, follow, max-snippet:-1, max-image-preview:large, max-video-preview:-1\" \/>\n<link rel=\"canonical\" href=\"https:\/\/www.tcgruenweissreckenfeld.de\/tr\/tennishalle\/\" \/>\n<meta property=\"og:locale\" content=\"tr_TR\" \/>\n<meta property=\"og:type\" content=\"article\" \/>\n<meta property=\"og:title\" content=\"Tennishalle - TC Gr\u00fcn-Weiss Reckenfeld\" \/>\n<meta property=\"og:description\" content=\"Tennishalle: TC Gr\u00fcn-Weiss Reckenfeld: Tennis im Raum Greven, M\u00fcnster mit Mannschaften f\u00fcr Damen, Herren, Jugend, Junioren und Kinder\" \/>\n<meta property=\"og:url\" content=\"https:\/\/www.tcgruenweissreckenfeld.de\/tr\/tennishalle\/\" \/>\n<meta property=\"og:site_name\" content=\"www.tcgruenweissreckenfeld.de\" \/>\n<meta property=\"article:modified_time\" content=\"2026-04-06T14:34:46+00:00\" \/>\n<meta name=\"twitter:card\" content=\"summary_large_image\" \/>\n<meta name=\"twitter:label1\" content=\"Tahmini okuma s\u00fcresi\" \/>\n\t<meta name=\"twitter:data1\" content=\"3 dakika\" \/>\n<script type=\"application\/ld+json\" class=\"yoast-schema-graph\">{\"@context\":\"https:\/\/schema.org\",\"@graph\":[{\"@type\":\"WebPage\",\"@id\":\"https:\/\/www.tcgruenweissreckenfeld.de\/tennishalle\",\"url\":\"https:\/\/www.tcgruenweissreckenfeld.de\/tennishalle\",\"name\":\"Tennishalle - TC Gr\u00fcn-Weiss Reckenfeld\",\"isPartOf\":{\"@id\":\"https:\/\/www.tcgruenweissreckenfeld.de\/#website\"},\"datePublished\":\"2024-07-27T05:49:18+00:00\",\"dateModified\":\"2026-04-06T14:34:46+00:00\",\"description\":\"Tennishalle: TC Gr\u00fcn-Weiss Reckenfeld: Tennis im Raum Greven, M\u00fcnster mit Mannschaften f\u00fcr Damen, Herren, Jugend, Junioren und Kinder\",\"inLanguage\":\"tr\",\"potentialAction\":[{\"@type\":\"ReadAction\",\"target\":[\"https:\/\/www.tcgruenweissreckenfeld.de\/tennishalle\"]}]},{\"@type\":\"WebSite\",\"@id\":\"https:\/\/www.tcgruenweissreckenfeld.de\/#website\",\"url\":\"https:\/\/www.tcgruenweissreckenfeld.de\/\",\"name\":\"www.tcgruenweissreckenfeld.de\",\"description\":\"www.tcgruenweissreckenfeld.de\",\"potentialAction\":[{\"@type\":\"SearchAction\",\"target\":{\"@type\":\"EntryPoint\",\"urlTemplate\":\"https:\/\/www.tcgruenweissreckenfeld.de\/?s={search_term_string}\"},\"query-input\":\"required name=search_term_string\"}],\"inLanguage\":\"tr\"}]}<\/script>\n<!-- \/ Yoast SEO plugin. -->","yoast_head_json":{"title":"Tennishalle - TC Gr\u00fcn-Weiss Reckenfeld","description":"Tennishalle: TC Gr\u00fcn-Weiss Reckenfeld: Tennis im Raum Greven, M\u00fcnster mit Mannschaften f\u00fcr Damen, Herren, Jugend, Junioren und Kinder","robots":{"index":"index","follow":"follow","max-snippet":"max-snippet:-1","max-image-preview":"max-image-preview:large","max-video-preview":"max-video-preview:-1"},"canonical":"https:\/\/www.tcgruenweissreckenfeld.de\/tr\/tennishalle\/","og_locale":"tr_TR","og_type":"article","og_title":"Tennishalle - TC Gr\u00fcn-Weiss Reckenfeld","og_description":"Tennishalle: TC Gr\u00fcn-Weiss Reckenfeld: Tennis im Raum Greven, M\u00fcnster mit Mannschaften f\u00fcr Damen, Herren, Jugend, Junioren und Kinder","og_url":"https:\/\/www.tcgruenweissreckenfeld.de\/tr\/tennishalle\/","og_site_name":"www.tcgruenweissreckenfeld.de","article_modified_time":"2026-04-06T14:34:46+00:00","twitter_card":"summary_large_image","twitter_misc":{"Tahmini okuma s\u00fcresi":"3 dakika"},"schema":{"@context":"https:\/\/schema.org","@graph":[{"@type":"WebPage","@id":"https:\/\/www.tcgruenweissreckenfeld.de\/tennishalle","url":"https:\/\/www.tcgruenweissreckenfeld.de\/tennishalle","name":"Tennishalle - TC Gr\u00fcn-Weiss Reckenfeld","isPartOf":{"@id":"https:\/\/www.tcgruenweissreckenfeld.de\/#website"},"datePublished":"2024-07-27T05:49:18+00:00","dateModified":"2026-04-06T14:34:46+00:00","description":"Tennishalle: TC Gr\u00fcn-Weiss Reckenfeld: Tennis im Raum Greven, M\u00fcnster mit Mannschaften f\u00fcr Damen, Herren, Jugend, Junioren und Kinder","inLanguage":"tr","potentialAction":[{"@type":"ReadAction","target":["https:\/\/www.tcgruenweissreckenfeld.de\/tennishalle"]}]},{"@type":"WebSite","@id":"https:\/\/www.tcgruenweissreckenfeld.de\/#website","url":"https:\/\/www.tcgruenweissreckenfeld.de\/","name":"www.tcgruenweissreckenfeld.de","description":"www.tcgruenweissreckenfeld.de","potentialAction":[{"@type":"SearchAction","target":{"@type":"EntryPoint","urlTemplate":"https:\/\/www.tcgruenweissreckenfeld.de\/?s={search_term_string}"},"query-input":"required name=search_term_string"}],"inLanguage":"tr"}]}},"_links":{"self":[{"href":"https:\/\/www.tcgruenweissreckenfeld.de\/tr\/wp-json\/wp\/v2\/pages\/6093"}],"collection":[{"href":"https:\/\/www.tcgruenweissreckenfeld.de\/tr\/wp-json\/wp\/v2\/pages"}],"about":[{"href":"https:\/\/www.tcgruenweissreckenfeld.de\/tr\/wp-json\/wp\/v2\/types\/page"}],"author":[{"embeddable":true,"href":"https:\/\/www.tcgruenweissreckenfeld.de\/tr\/wp-json\/wp\/v2\/users\/1"}],"replies":[{"embeddable":true,"href":"https:\/\/www.tcgruenweissreckenfeld.de\/tr\/wp-json\/wp\/v2\/comments?post=6093"}],"version-history":[{"count":44,"href":"https:\/\/www.tcgruenweissreckenfeld.de\/tr\/wp-json\/wp\/v2\/pages\/6093\/revisions"}],"predecessor-version":[{"id":6490,"href":"https:\/\/www.tcgruenweissreckenfeld.de\/tr\/wp-json\/wp\/v2\/pages\/6093\/revisions\/6490"}],"wp:attachment":[{"href":"https:\/\/www.tcgruenweissreckenfeld.de\/tr\/wp-json\/wp\/v2\/media?parent=6093"}],"curies":[{"name":"wp","href":"https:\/\/api.w.org\/{rel}","templated":true}]}}